{"id":710,"date":"2020-04-15T07:51:33","date_gmt":"2020-04-15T07:51:33","guid":{"rendered":"http:\/\/verslopagreitis.lt\/?page_id=710"},"modified":"2025-01-05T21:04:11","modified_gmt":"2025-01-05T19:04:11","slug":"elementor-710","status":"publish","type":"page","link":"https:\/\/verslopagreitis.lt\/?page_id=710","title":{"rendered":"Paslauga"},"content":{"rendered":"\t\t<div data-elementor-type=\"wp-page\" data-elementor-id=\"710\" class=\"elementor elementor-710\">\n\t\t\t\t\t\t<div class=\"elementor-inner\">\n\t\t\t\t<div class=\"elementor-section-wrap\">\n\t\t\t\t\t\t\t\t\t<section class=\"elementor-section elementor-top-section elementor-element elementor-element-37a82f4 elementor-section-boxed elementor-section-height-default elementor-section-height-default\" data-id=\"37a82f4\" data-element_type=\"section\">\n\t\t\t\t\t\t<div class=\"elementor-container elementor-column-gap-default\">\n\t\t\t\t\t\t\t<div class=\"elementor-row\">\n\t\t\t\t\t<div class=\"elementor-column elementor-col-100 elementor-top-column elementor-element elementor-element-2db5489\" data-id=\"2db5489\" data-element_type=\"column\">\n\t\t\t<div class=\"elementor-column-wrap elementor-element-populated\">\n\t\t\t\t\t\t\t<div class=\"elementor-widget-wrap\">\n\t\t\t\t\t\t<div class=\"elementor-element elementor-element-97e80b1 elementor-widget elementor-widget-heading\" data-id=\"97e80b1\" data-element_type=\"widget\" data-widget_type=\"heading.default\">\n\t\t\t\t<div class=\"elementor-widget-container\">\n\t\t\t<h2 class=\"elementor-heading-title elementor-size-default\">Paslaugos<\/h2>\t\t<\/div>\n\t\t\t\t<\/div>\n\t\t\t\t\t\t<\/div>\n\t\t\t\t\t<\/div>\n\t\t<\/div>\n\t\t\t\t\t\t\t\t<\/div>\n\t\t\t\t\t<\/div>\n\t\t<\/section>\n\t\t\t\t<section class=\"elementor-section elementor-top-section elementor-element elementor-element-e4ddaf9 elementor-section-boxed elementor-section-height-default elementor-section-height-default\" data-id=\"e4ddaf9\" data-element_type=\"section\">\n\t\t\t\t\t\t<div class=\"elementor-container elementor-column-gap-default\">\n\t\t\t\t\t\t\t<div class=\"elementor-row\">\n\t\t\t\t\t<div class=\"elementor-column elementor-col-33 elementor-top-column elementor-element elementor-element-0d5e4fc\" data-id=\"0d5e4fc\" data-element_type=\"column\">\n\t\t\t<div class=\"elementor-column-wrap elementor-element-populated\">\n\t\t\t\t\t\t\t<div class=\"elementor-widget-wrap\">\n\t\t\t\t\t\t<div class=\"elementor-element elementor-element-bf1d1a4 elementor-widget elementor-widget-image\" data-id=\"bf1d1a4\" data-element_type=\"widget\" data-widget_type=\"image.default\">\n\t\t\t\t<div class=\"elementor-widget-container\">\n\t\t\t\t\t\t\t\t<div class=\"elementor-image\">\n\t\t\t\t\t\t\t\t\t\t\t\t\t<a href=\"https:\/\/verslopagreitis.lt\/?page_id=457\">\n\t\t\t\t\t\t\t<img width=\"1024\" height=\"682\" src=\"https:\/\/verslopagreitis.lt\/wp-content\/uploads\/2020\/04\/doctor-dentist-dental-1149149-1024x682.jpg\" class=\"attachment-large size-large\" alt=\"doctor, dentist, dental\" loading=\"lazy\" srcset=\"https:\/\/verslopagreitis.lt\/wp-content\/uploads\/2020\/04\/doctor-dentist-dental-1149149-1024x682.jpg 1024w, https:\/\/verslopagreitis.lt\/wp-content\/uploads\/2020\/04\/doctor-dentist-dental-1149149-e1587031806686.jpg 300w, https:\/\/verslopagreitis.lt\/wp-content\/uploads\/2020\/04\/doctor-dentist-dental-1149149-768x512.jpg 768w\" sizes=\"(max-width: 1024px) 100vw, 1024px\" \/>\t\t\t\t\t\t\t\t<\/a>\n\t\t\t\t\t\t\t\t\t\t\t\t\t\t<\/div>\n\t\t\t\t\t\t<\/div>\n\t\t\t\t<\/div>\n\t\t\t\t<div class=\"elementor-element elementor-element-57d2fbb elementor-widget elementor-widget-text-editor\" data-id=\"57d2fbb\" data-element_type=\"widget\" data-widget_type=\"text-editor.default\">\n\t\t\t\t<div class=\"elementor-widget-container\">\n\t\t\t\t\t\t\t\t<div class=\"elementor-text-editor elementor-clearfix\">\n\t\t\t\t<p style=\"text-align: center;\"><a href=\"https:\/\/verslopagreitis.lt\/?page_id=457\"><span style=\"color: #3366ff;\"><strong>Leidimas higienos pasas ir medicinos licencija<\/strong><\/span><\/a><\/p>\t\t\t\t\t<\/div>\n\t\t\t\t\t\t<\/div>\n\t\t\t\t<\/div>\n\t\t\t\t\t\t<\/div>\n\t\t\t\t\t<\/div>\n\t\t<\/div>\n\t\t\t\t<div class=\"elementor-column elementor-col-33 elementor-top-column elementor-element elementor-element-d3eed67\" data-id=\"d3eed67\" data-element_type=\"column\">\n\t\t\t<div class=\"elementor-column-wrap elementor-element-populated\">\n\t\t\t\t\t\t\t<div class=\"elementor-widget-wrap\">\n\t\t\t\t\t\t<div class=\"elementor-element elementor-element-c4e8b77 elementor-widget elementor-widget-image\" data-id=\"c4e8b77\" data-element_type=\"widget\" data-widget_type=\"image.default\">\n\t\t\t\t<div class=\"elementor-widget-container\">\n\t\t\t\t\t\t\t\t<div class=\"elementor-image\">\n\t\t\t\t\t\t\t\t\t\t\t\t\t<a href=\"https:\/\/verslopagreitis.lt\/?page_id=458\">\n\t\t\t\t\t\t\t<img width=\"1024\" height=\"682\" src=\"https:\/\/verslopagreitis.lt\/wp-content\/uploads\/2020\/04\/doctor-medical-medicine-563428-1024x682.jpg\" class=\"attachment-large size-large\" alt=\"doctor, medical, medicine\" loading=\"lazy\" srcset=\"https:\/\/verslopagreitis.lt\/wp-content\/uploads\/2020\/04\/doctor-medical-medicine-563428-1024x682.jpg 1024w, https:\/\/verslopagreitis.lt\/wp-content\/uploads\/2020\/04\/doctor-medical-medicine-563428-e1587031881897.jpg 300w, https:\/\/verslopagreitis.lt\/wp-content\/uploads\/2020\/04\/doctor-medical-medicine-563428-768x512.jpg 768w\" sizes=\"(max-width: 1024px) 100vw, 1024px\" \/>\t\t\t\t\t\t\t\t<\/a>\n\t\t\t\t\t\t\t\t\t\t\t\t\t\t<\/div>\n\t\t\t\t\t\t<\/div>\n\t\t\t\t<\/div>\n\t\t\t\t<div class=\"elementor-element elementor-element-1d2bd22 elementor-widget elementor-widget-text-editor\" data-id=\"1d2bd22\" data-element_type=\"widget\" data-widget_type=\"text-editor.default\">\n\t\t\t\t<div class=\"elementor-widget-container\">\n\t\t\t\t\t\t\t\t<div class=\"elementor-text-editor elementor-clearfix\">\n\t\t\t\t<p style=\"text-align: center;\"><a href=\"https:\/\/verslopagreitis.lt\/?page_id=458\"><span style=\"color: #3366ff;\"><b>Medicinos dokumentai<\/b><\/span><\/a><\/p>\t\t\t\t\t<\/div>\n\t\t\t\t\t\t<\/div>\n\t\t\t\t<\/div>\n\t\t\t\t\t\t<\/div>\n\t\t\t\t\t<\/div>\n\t\t<\/div>\n\t\t\t\t<div class=\"elementor-column elementor-col-33 elementor-top-column elementor-element elementor-element-0e8891a\" data-id=\"0e8891a\" data-element_type=\"column\">\n\t\t\t<div class=\"elementor-column-wrap elementor-element-populated\">\n\t\t\t\t\t\t\t<div class=\"elementor-widget-wrap\">\n\t\t\t\t\t\t<div class=\"elementor-element elementor-element-a0c1512 elementor-widget elementor-widget-image\" data-id=\"a0c1512\" data-element_type=\"widget\" data-widget_type=\"image.default\">\n\t\t\t\t<div class=\"elementor-widget-container\">\n\t\t\t\t\t\t\t\t<div class=\"elementor-image\">\n\t\t\t\t\t\t\t\t\t\t\t\t\t<a href=\"https:\/\/verslopagreitis.lt\/?page_id=563\">\n\t\t\t\t\t\t\t<img width=\"1024\" height=\"680\" src=\"https:\/\/verslopagreitis.lt\/wp-content\/uploads\/2020\/04\/dentist-dental-care-dentistry-2530990-1024x680.jpg\" class=\"attachment-large size-large\" alt=\"dentist, dental care, dentistry\" loading=\"lazy\" srcset=\"https:\/\/verslopagreitis.lt\/wp-content\/uploads\/2020\/04\/dentist-dental-care-dentistry-2530990-1024x680.jpg 1024w, https:\/\/verslopagreitis.lt\/wp-content\/uploads\/2020\/04\/dentist-dental-care-dentistry-2530990-e1587031972861.jpg 300w, https:\/\/verslopagreitis.lt\/wp-content\/uploads\/2020\/04\/dentist-dental-care-dentistry-2530990-768x510.jpg 768w\" sizes=\"(max-width: 1024px) 100vw, 1024px\" \/>\t\t\t\t\t\t\t\t<\/a>\n\t\t\t\t\t\t\t\t\t\t\t\t\t\t<\/div>\n\t\t\t\t\t\t<\/div>\n\t\t\t\t<\/div>\n\t\t\t\t<div class=\"elementor-element elementor-element-a1302d6 elementor-widget elementor-widget-text-editor\" data-id=\"a1302d6\" data-element_type=\"widget\" data-widget_type=\"text-editor.default\">\n\t\t\t\t<div class=\"elementor-widget-container\">\n\t\t\t\t\t\t\t\t<div class=\"elementor-text-editor elementor-clearfix\">\n\t\t\t\t<p style=\"text-align: center;\"><a href=\"https:\/\/verslopagreitis.lt\/?page_id=563\"><span style=\"color: #3366ff;\"><strong>Gaminam\u0173 medicinos prietais\u0173 (dant\u0173 protez\u0173) registravimas<\/strong><\/span><\/a><\/p>\t\t\t\t\t<\/div>\n\t\t\t\t\t\t<\/div>\n\t\t\t\t<\/div>\n\t\t\t\t\t\t<\/div>\n\t\t\t\t\t<\/div>\n\t\t<\/div>\n\t\t\t\t\t\t\t\t<\/div>\n\t\t\t\t\t<\/div>\n\t\t<\/section>\n\t\t\t\t<section class=\"elementor-section elementor-top-section elementor-element elementor-element-f65eccf elementor-section-boxed elementor-section-height-default elementor-section-height-default\" data-id=\"f65eccf\" data-element_type=\"section\">\n\t\t\t\t\t\t<div class=\"elementor-container elementor-column-gap-default\">\n\t\t\t\t\t\t\t<div class=\"elementor-row\">\n\t\t\t\t\t<div class=\"elementor-column elementor-col-33 elementor-top-column elementor-element elementor-element-b07ed5f\" data-id=\"b07ed5f\" data-element_type=\"column\">\n\t\t\t<div class=\"elementor-column-wrap elementor-element-populated\">\n\t\t\t\t\t\t\t<div class=\"elementor-widget-wrap\">\n\t\t\t\t\t\t<div class=\"elementor-element elementor-element-bd52ca5 elementor-widget elementor-widget-image\" data-id=\"bd52ca5\" data-element_type=\"widget\" data-widget_type=\"image.default\">\n\t\t\t\t<div class=\"elementor-widget-container\">\n\t\t\t\t\t\t\t\t<div class=\"elementor-image\">\n\t\t\t\t\t\t\t\t\t\t\t\t\t<a href=\"https:\/\/verslopagreitis.lt\/?page_id=457\">\n\t\t\t\t\t\t\t<img width=\"1024\" height=\"682\" src=\"https:\/\/verslopagreitis.lt\/wp-content\/uploads\/2025\/01\/woman-6018388_1280-1024x682.jpg\" class=\"attachment-large size-large\" alt=\"\" loading=\"lazy\" srcset=\"https:\/\/verslopagreitis.lt\/wp-content\/uploads\/2025\/01\/woman-6018388_1280-1024x682.jpg 1024w, https:\/\/verslopagreitis.lt\/wp-content\/uploads\/2025\/01\/woman-6018388_1280-300x200.jpg 300w, https:\/\/verslopagreitis.lt\/wp-content\/uploads\/2025\/01\/woman-6018388_1280-768x512.jpg 768w, https:\/\/verslopagreitis.lt\/wp-content\/uploads\/2025\/01\/woman-6018388_1280.jpg 1280w\" sizes=\"(max-width: 1024px) 100vw, 1024px\" \/>\t\t\t\t\t\t\t\t<\/a>\n\t\t\t\t\t\t\t\t\t\t\t\t\t\t<\/div>\n\t\t\t\t\t\t<\/div>\n\t\t\t\t<\/div>\n\t\t\t\t<div class=\"elementor-element elementor-element-60a52fb elementor-widget elementor-widget-text-editor\" data-id=\"60a52fb\" data-element_type=\"widget\" data-widget_type=\"text-editor.default\">\n\t\t\t\t<div class=\"elementor-widget-container\">\n\t\t\t\t\t\t\t\t<div class=\"elementor-text-editor elementor-clearfix\">\n\t\t\t\t<p style=\"text-align: center;\"><a href=\"https:\/\/verslopagreitis.lt\/?page_id=457\"><span style=\"color: #3366ff;\"><b>Leidimas higienos pasas ASP paslaugoms<\/b><\/span><\/a><\/p>\t\t\t\t\t<\/div>\n\t\t\t\t\t\t<\/div>\n\t\t\t\t<\/div>\n\t\t\t\t\t\t<\/div>\n\t\t\t\t\t<\/div>\n\t\t<\/div>\n\t\t\t\t<div class=\"elementor-column elementor-col-33 elementor-top-column elementor-element elementor-element-74ed886\" data-id=\"74ed886\" data-element_type=\"column\">\n\t\t\t<div class=\"elementor-column-wrap elementor-element-populated\">\n\t\t\t\t\t\t\t<div class=\"elementor-widget-wrap\">\n\t\t\t\t\t\t<div class=\"elementor-element elementor-element-6ea66da elementor-widget elementor-widget-image\" data-id=\"6ea66da\" data-element_type=\"widget\" data-widget_type=\"image.default\">\n\t\t\t\t<div class=\"elementor-widget-container\">\n\t\t\t\t\t\t\t\t<div class=\"elementor-image\">\n\t\t\t\t\t\t\t\t\t\t\t\t\t<a href=\"https:\/\/verslopagreitis.lt\/?page_id=453\">\n\t\t\t\t\t\t\t<img width=\"1024\" height=\"682\" src=\"https:\/\/verslopagreitis.lt\/wp-content\/uploads\/2025\/01\/cosmetics-4645407_1280-1024x682.jpg\" class=\"attachment-large size-large\" alt=\"\" loading=\"lazy\" srcset=\"https:\/\/verslopagreitis.lt\/wp-content\/uploads\/2025\/01\/cosmetics-4645407_1280-1024x682.jpg 1024w, https:\/\/verslopagreitis.lt\/wp-content\/uploads\/2025\/01\/cosmetics-4645407_1280-300x200.jpg 300w, https:\/\/verslopagreitis.lt\/wp-content\/uploads\/2025\/01\/cosmetics-4645407_1280-768x512.jpg 768w, https:\/\/verslopagreitis.lt\/wp-content\/uploads\/2025\/01\/cosmetics-4645407_1280.jpg 1280w\" sizes=\"(max-width: 1024px) 100vw, 1024px\" \/>\t\t\t\t\t\t\t\t<\/a>\n\t\t\t\t\t\t\t\t\t\t\t\t\t\t<\/div>\n\t\t\t\t\t\t<\/div>\n\t\t\t\t<\/div>\n\t\t\t\t<div class=\"elementor-element elementor-element-9a593eb elementor-widget elementor-widget-text-editor\" data-id=\"9a593eb\" data-element_type=\"widget\" data-widget_type=\"text-editor.default\">\n\t\t\t\t<div class=\"elementor-widget-container\">\n\t\t\t\t\t\t\t\t<div class=\"elementor-text-editor elementor-clearfix\">\n\t\t\t\t<p style=\"text-align: center;\"><a href=\"https:\/\/verslopagreitis.lt\/?page_id=453\"><span style=\"color: #3366ff;\"><strong>Leidimas higienos pasas gro\u017eio paslaugoms<\/strong><\/span><\/a><\/p>\t\t\t\t\t<\/div>\n\t\t\t\t\t\t<\/div>\n\t\t\t\t<\/div>\n\t\t\t\t\t\t<\/div>\n\t\t\t\t\t<\/div>\n\t\t<\/div>\n\t\t\t\t<div class=\"elementor-column elementor-col-33 elementor-top-column elementor-element elementor-element-ee58345\" data-id=\"ee58345\" data-element_type=\"column\">\n\t\t\t<div class=\"elementor-column-wrap elementor-element-populated\">\n\t\t\t\t\t\t\t<div class=\"elementor-widget-wrap\">\n\t\t\t\t\t\t<div class=\"elementor-element elementor-element-396747c elementor-widget elementor-widget-image\" data-id=\"396747c\" data-element_type=\"widget\" data-widget_type=\"image.default\">\n\t\t\t\t<div class=\"elementor-widget-container\">\n\t\t\t\t\t\t\t\t<div class=\"elementor-image\">\n\t\t\t\t\t\t\t\t\t\t\t\t\t<a href=\"https:\/\/verslopagreitis.lt\/?page_id=452\">\n\t\t\t\t\t\t\t<img width=\"1024\" height=\"682\" src=\"https:\/\/verslopagreitis.lt\/wp-content\/uploads\/2025\/01\/kettlebell-3293475_1280-1024x682.jpg\" class=\"attachment-large size-large\" alt=\"\" loading=\"lazy\" srcset=\"https:\/\/verslopagreitis.lt\/wp-content\/uploads\/2025\/01\/kettlebell-3293475_1280-1024x682.jpg 1024w, https:\/\/verslopagreitis.lt\/wp-content\/uploads\/2025\/01\/kettlebell-3293475_1280-300x200.jpg 300w, https:\/\/verslopagreitis.lt\/wp-content\/uploads\/2025\/01\/kettlebell-3293475_1280-768x511.jpg 768w, https:\/\/verslopagreitis.lt\/wp-content\/uploads\/2025\/01\/kettlebell-3293475_1280.jpg 1280w\" sizes=\"(max-width: 1024px) 100vw, 1024px\" \/>\t\t\t\t\t\t\t\t<\/a>\n\t\t\t\t\t\t\t\t\t\t\t\t\t\t<\/div>\n\t\t\t\t\t\t<\/div>\n\t\t\t\t<\/div>\n\t\t\t\t<div class=\"elementor-element elementor-element-c03a4c7 elementor-widget elementor-widget-text-editor\" data-id=\"c03a4c7\" data-element_type=\"widget\" data-widget_type=\"text-editor.default\">\n\t\t\t\t<div class=\"elementor-widget-container\">\n\t\t\t\t\t\t\t\t<div class=\"elementor-text-editor elementor-clearfix\">\n\t\t\t\t<p style=\"text-align: center;\"><a href=\"https:\/\/verslopagreitis.lt\/?page_id=452\"><span style=\"color: #3366ff;\"><strong>Leidimas higienos pasas kitoms (sporto klub\u0173, socialin\u0117ms ir t.t.) paslaugoms<\/strong><\/span><\/a><\/p>\t\t\t\t\t<\/div>\n\t\t\t\t\t\t<\/div>\n\t\t\t\t<\/div>\n\t\t\t\t\t\t<\/div>\n\t\t\t\t\t<\/div>\n\t\t<\/div>\n\t\t\t\t\t\t\t\t<\/div>\n\t\t\t\t\t<\/div>\n\t\t<\/section>\n\t\t\t\t<section class=\"elementor-section elementor-top-section elementor-element elementor-element-e5fed01 elementor-section-boxed elementor-section-height-default elementor-section-height-default\" data-id=\"e5fed01\" data-element_type=\"section\">\n\t\t\t\t\t\t<div class=\"elementor-container elementor-column-gap-default\">\n\t\t\t\t\t\t\t<div class=\"elementor-row\">\n\t\t\t\t\t<div class=\"elementor-column elementor-col-33 elementor-top-column elementor-element elementor-element-0e87082\" data-id=\"0e87082\" data-element_type=\"column\">\n\t\t\t<div class=\"elementor-column-wrap elementor-element-populated\">\n\t\t\t\t\t\t\t<div class=\"elementor-widget-wrap\">\n\t\t\t\t\t\t<div class=\"elementor-element elementor-element-2dc217a elementor-widget elementor-widget-image\" data-id=\"2dc217a\" data-element_type=\"widget\" data-widget_type=\"image.default\">\n\t\t\t\t<div class=\"elementor-widget-container\">\n\t\t\t\t\t\t\t\t<div class=\"elementor-image\">\n\t\t\t\t\t\t\t\t\t\t\t\t\t<a href=\"https:\/\/verslopagreitis.lt\/?page_id=509\">\n\t\t\t\t\t\t\t<img width=\"1024\" height=\"627\" src=\"https:\/\/verslopagreitis.lt\/wp-content\/uploads\/2022\/08\/stethoscope-3541909_1280-1024x627.jpg\" class=\"attachment-large size-large\" alt=\"\" loading=\"lazy\" srcset=\"https:\/\/verslopagreitis.lt\/wp-content\/uploads\/2022\/08\/stethoscope-3541909_1280-1024x627.jpg 1024w, https:\/\/verslopagreitis.lt\/wp-content\/uploads\/2022\/08\/stethoscope-3541909_1280-300x184.jpg 300w, https:\/\/verslopagreitis.lt\/wp-content\/uploads\/2022\/08\/stethoscope-3541909_1280-768x470.jpg 768w, https:\/\/verslopagreitis.lt\/wp-content\/uploads\/2022\/08\/stethoscope-3541909_1280.jpg 1280w\" sizes=\"(max-width: 1024px) 100vw, 1024px\" \/>\t\t\t\t\t\t\t\t<\/a>\n\t\t\t\t\t\t\t\t\t\t\t\t\t\t<\/div>\n\t\t\t\t\t\t<\/div>\n\t\t\t\t<\/div>\n\t\t\t\t<div class=\"elementor-element elementor-element-45c5da3 elementor-widget elementor-widget-text-editor\" data-id=\"45c5da3\" data-element_type=\"widget\" data-widget_type=\"text-editor.default\">\n\t\t\t\t<div class=\"elementor-widget-container\">\n\t\t\t\t\t\t\t\t<div class=\"elementor-text-editor elementor-clearfix\">\n\t\t\t\t<p style=\"text-align: center;\"><a href=\"https:\/\/verslopagreitis.lt\/?page_id=509\"><span style=\"color: #3366ff;\"><b>Pagalba \u012fstaigoms, siekian\u010dioms prisijungti prie eSveikata sistemos<\/b><\/span><\/a><\/p>\t\t\t\t\t<\/div>\n\t\t\t\t\t\t<\/div>\n\t\t\t\t<\/div>\n\t\t\t\t\t\t<\/div>\n\t\t\t\t\t<\/div>\n\t\t<\/div>\n\t\t\t\t<div class=\"elementor-column elementor-col-33 elementor-top-column elementor-element elementor-element-54abfd7\" data-id=\"54abfd7\" data-element_type=\"column\">\n\t\t\t<div class=\"elementor-column-wrap elementor-element-populated\">\n\t\t\t\t\t\t\t<div class=\"elementor-widget-wrap\">\n\t\t\t\t\t\t<div class=\"elementor-element elementor-element-3e429c4 elementor-widget elementor-widget-image\" data-id=\"3e429c4\" data-element_type=\"widget\" data-widget_type=\"image.default\">\n\t\t\t\t<div class=\"elementor-widget-container\">\n\t\t\t\t\t\t\t\t<div class=\"elementor-image\">\n\t\t\t\t\t\t\t\t\t\t\t\t\t<a href=\"https:\/\/verslopagreitis.lt\/?page_id=605\">\n\t\t\t\t\t\t\t<img width=\"1024\" height=\"683\" src=\"https:\/\/verslopagreitis.lt\/wp-content\/uploads\/2020\/04\/laptop-computer-browser-2561221-e1587399331344-1024x683.jpg\" class=\"attachment-large size-large\" alt=\"laptop, computer, browser\" loading=\"lazy\" srcset=\"https:\/\/verslopagreitis.lt\/wp-content\/uploads\/2020\/04\/laptop-computer-browser-2561221-e1587399331344-1024x683.jpg 1024w, https:\/\/verslopagreitis.lt\/wp-content\/uploads\/2020\/04\/laptop-computer-browser-2561221-e1587399331344-300x200.jpg 300w, https:\/\/verslopagreitis.lt\/wp-content\/uploads\/2020\/04\/laptop-computer-browser-2561221-e1587399331344-768x512.jpg 768w, https:\/\/verslopagreitis.lt\/wp-content\/uploads\/2020\/04\/laptop-computer-browser-2561221-e1587399331344.jpg 1280w\" sizes=\"(max-width: 1024px) 100vw, 1024px\" \/>\t\t\t\t\t\t\t\t<\/a>\n\t\t\t\t\t\t\t\t\t\t\t\t\t\t<\/div>\n\t\t\t\t\t\t<\/div>\n\t\t\t\t<\/div>\n\t\t\t\t<div class=\"elementor-element elementor-element-10f3632 elementor-widget elementor-widget-text-editor\" data-id=\"10f3632\" data-element_type=\"widget\" data-widget_type=\"text-editor.default\">\n\t\t\t\t<div class=\"elementor-widget-container\">\n\t\t\t\t\t\t\t\t<div class=\"elementor-text-editor elementor-clearfix\">\n\t\t\t\t<p style=\"text-align: center;\"><a href=\"https:\/\/verslopagreitis.lt\/?page_id=605\"><strong><span style=\"color: #3366ff;\">Konsultacijos pradedantiems versl\u0105<\/span><\/strong><\/a><\/p>\t\t\t\t\t<\/div>\n\t\t\t\t\t\t<\/div>\n\t\t\t\t<\/div>\n\t\t\t\t\t\t<\/div>\n\t\t\t\t\t<\/div>\n\t\t<\/div>\n\t\t\t\t<div class=\"elementor-column elementor-col-33 elementor-top-column elementor-element elementor-element-ab5e77e\" data-id=\"ab5e77e\" data-element_type=\"column\">\n\t\t\t<div class=\"elementor-column-wrap\">\n\t\t\t\t\t\t\t<div class=\"elementor-widget-wrap\">\n\t\t\t\t\t\t\t\t<\/div>\n\t\t\t\t\t<\/div>\n\t\t<\/div>\n\t\t\t\t\t\t\t\t<\/div>\n\t\t\t\t\t<\/div>\n\t\t<\/section>\n\t\t\t\t\t\t\t\t\t<\/div>\n\t\t\t<\/div>\n\t\t\t\t\t<\/div>\n\t\t","protected":false},"excerpt":{"rendered":"<p>Paslaugos Leidimas higienos pasas ir medicinos licencija Medicinos dokumentai Gaminam\u0173 medicinos prietais\u0173 (dant\u0173 protez\u0173) registravimas Leidimas higienos pasas ASP paslaugoms Leidimas higienos pasas gro\u017eio paslaugoms Leidimas higienos pasas kitoms (sporto klub\u0173, socialin\u0117ms ir t.t.) paslaugoms Pagalba \u012fstaigoms, siekian\u010dioms prisijungti prie eSveikata sistemos Konsultacijos pradedantiems versl\u0105<\/p>\n","protected":false},"author":1,"featured_media":0,"parent":0,"menu_order":0,"comment_status":"closed","ping_status":"closed","template":"","meta":{"site-sidebar-layout":"no-sidebar","site-content-layout":"page-builder","ast-global-header-display":"","ast-main-header-display":"","ast-hfb-above-header-display":"","ast-hfb-below-header-display":"","ast-hfb-mobile-header-display":"","site-post-title":"disabled","ast-breadcrumbs-content":"","ast-featured-img":"disabled","footer-sml-layout":"","theme-transparent-header-meta":"default","adv-header-id-meta":"","stick-header-meta":"","header-above-stick-meta":"","header-main-stick-meta":"","header-below-stick-meta":""},"_links":{"self":[{"href":"https:\/\/verslopagreitis.lt\/index.php?rest_route=\/wp\/v2\/pages\/710"}],"collection":[{"href":"https:\/\/verslopagreitis.lt\/index.php?rest_route=\/wp\/v2\/pages"}],"about":[{"href":"https:\/\/verslopagreitis.lt\/index.php?rest_route=\/wp\/v2\/types\/page"}],"author":[{"embeddable":true,"href":"https:\/\/verslopagreitis.lt\/index.php?rest_route=\/wp\/v2\/users\/1"}],"replies":[{"embeddable":true,"href":"https:\/\/verslopagreitis.lt\/index.php?rest_route=%2Fwp%2Fv2%2Fcomments&post=710"}],"version-history":[{"count":63,"href":"https:\/\/verslopagreitis.lt\/index.php?rest_route=\/wp\/v2\/pages\/710\/revisions"}],"predecessor-version":[{"id":1222,"href":"https:\/\/verslopagreitis.lt\/index.php?rest_route=\/wp\/v2\/pages\/710\/revisions\/1222"}],"wp:attachment":[{"href":"https:\/\/verslopagreitis.lt\/index.php?rest_route=%2Fwp%2Fv2%2Fmedia&parent=710"}],"curies":[{"name":"wp","href":"https:\/\/api.w.org\/{rel}","templated":true}]}}