{"id":605,"date":"2020-04-13T18:28:22","date_gmt":"2020-04-13T18:28:22","guid":{"rendered":"https:\/\/verslopagreitis.blog.lt.verslopagreitis.lt\/business\/?page_id=605"},"modified":"2020-10-19T17:36:34","modified_gmt":"2020-10-19T15:36:34","slug":"konsultacijos-pradedantiems-versla","status":"publish","type":"page","link":"https:\/\/verslopagreitis.lt\/?page_id=605","title":{"rendered":"Konsultacijos pradedantiems versl\u0105"},"content":{"rendered":"\t\t<div data-elementor-type=\"wp-page\" data-elementor-id=\"605\" class=\"elementor elementor-605\">\n\t\t\t\t\t\t<div class=\"elementor-inner\">\n\t\t\t\t<div class=\"elementor-section-wrap\">\n\t\t\t\t\t\t\t\t\t<section class=\"elementor-section elementor-top-section elementor-element elementor-element-65182ead elementor-section-boxed elementor-section-height-default elementor-section-height-default\" data-id=\"65182ead\" data-element_type=\"section\">\n\t\t\t\t\t\t<div class=\"elementor-container elementor-column-gap-default\">\n\t\t\t\t\t\t\t<div class=\"elementor-row\">\n\t\t\t\t\t<div class=\"elementor-column elementor-col-100 elementor-top-column elementor-element elementor-element-109e052\" data-id=\"109e052\" data-element_type=\"column\">\n\t\t\t<div class=\"elementor-column-wrap elementor-element-populated\">\n\t\t\t\t\t\t\t<div class=\"elementor-widget-wrap\">\n\t\t\t\t\t\t<div class=\"elementor-element elementor-element-9ba6b0b elementor-widget elementor-widget-text-editor\" data-id=\"9ba6b0b\" data-element_type=\"widget\" data-widget_type=\"text-editor.default\">\n\t\t\t\t<div class=\"elementor-widget-container\">\n\t\t\t\t\t\t\t\t<div class=\"elementor-text-editor elementor-clearfix\">\n\t\t\t\t<!-- wp:image {\"id\":606,\"sizeSlug\":\"large\"} -->\n<figure class=\"wp-block-image size-large\"><img loading=\"lazy\" class=\"size-medium wp-image-901 alignright\" src=\"https:\/\/verslopagreitis.lt\/wp-content\/uploads\/2020\/04\/laptop-computer-browser-2561221-e1587399331344-300x200.jpg\" alt=\"laptop, computer, browser\" width=\"300\" height=\"200\" srcset=\"https:\/\/verslopagreitis.lt\/wp-content\/uploads\/2020\/04\/laptop-computer-browser-2561221-e1587399331344-300x200.jpg 300w, https:\/\/verslopagreitis.lt\/wp-content\/uploads\/2020\/04\/laptop-computer-browser-2561221-e1587399331344-1024x683.jpg 1024w, https:\/\/verslopagreitis.lt\/wp-content\/uploads\/2020\/04\/laptop-computer-browser-2561221-e1587399331344-768x512.jpg 768w, https:\/\/verslopagreitis.lt\/wp-content\/uploads\/2020\/04\/laptop-computer-browser-2561221-e1587399331344.jpg 1280w\" sizes=\"(max-width: 300px) 100vw, 300px\" \/><\/figure>\n<!-- \/wp:image --><!-- wp:paragraph -->\n<p>Mes esame sukaup\u0119 labai daug informacijos, kuri ypa\u010d gali b\u016bti naudinga pradedantiems versl\u0105 \u017emon\u0117ms. Pagrindinis m\u016bs\u0173 pasirinktas bendravimo b\u016bdas &#8211; betarpi\u0161k\u0173 konsultacij\u0173 teikimas \u017emon\u0117ms, norintiems prad\u0117ti savo versl\u0105, kadangi tik betarpi\u0161ko bendravimo metu galima iki galo i\u0161siai\u0161kinti visus aktualius klausimus. Tod\u0117l pirmajai konsultacijai kvie\u010diame Jus \u012f m\u016bs\u0173 biur\u0105 (Gabijos g. 38-8, Vilnius), o po to galimos bus konsultacijos telefonu, internetu ir t.t.<\/p>\n<!-- \/wp:paragraph --><!-- wp:paragraph -->\n<p>Pagrindin\u0117s klausim\u0173 grup\u0117s, kurios paprastai yra aktualiausios pradedan\u010diam verslininkui yra:<\/p>\n<!-- \/wp:paragraph --><!-- wp:list {\"ordered\":true} -->\n<ol>\n<li><strong>Verslo id\u0117jos suformulavimas.<\/strong>\u00a0Tai yra vienas i\u0161 svarbiausi\u0173 verslo s\u0117km\u0117s ateityje pamat\u0173. Mes argumentuotai padedame atrinkti i\u0161 keli\u0173 pasi\u016blyt\u0173 verslo id\u0117j\u0173 pa\u010dias priimtiniausias, nurodant kiekvienos i\u0161 j\u0173 privalumus ir tr\u016bkumus. Nurodome konkre\u010dias rizikas, kurios gali nulemti verslo s\u0117km\u0119, arba nes\u0117km\u0119. Reikalui esant galime atlikti konkre\u010di\u0173 produkt\u0173 ar paslaug\u0173 rinkos tyrimus.<\/li>\n<li><strong>Juridinio asmens (\u012fmon\u0117s), kur\u012f reikalinga \u012fsteigti, tipo pasirinkimas<\/strong>. Konsultacijos metu mes pateikiame vis\u0173 tip\u0173 \u012fmoni\u0173, galim\u0173 \u012fsteigti Lietuvoje ap\u017evalg\u0105, taip pat argumentuotai padedame apsispr\u0119sti d\u0117l \u012fmon\u0117s teisin\u0117s formos pasirinkimo. Lietuvoje populiariausios \u012fmoni\u0173 teisin\u0117s formos yra u\u017edaroji akcin\u0117 bendrov\u0117 (UAB) ir individuali \u012fmon\u0117 (I\u012e). Kiek ma\u017eiau populiarios yra vie\u0161oji \u012fstaiga (V\u0161\u012e) ir tikroji \u016bkin\u0117 bendrija (T\u016aB). Galime \u012fsteigti bet kurio pasirinkto tipo \u012fmon\u0119. Daugiau apie \u012fmoni\u0173 steigim\u0105 galite su\u017einoti\u00a0<a href=\"https:\/\/verslopagreitis.lt\/?page_id=509\">\u010dia &gt;&gt;&gt;<\/a><\/li>\n<li><strong>Pirmieji \u017eingsniai, kuriuos b\u016btina \u017eengti \u012fsteigus juridin\u012f asmen\u012f (\u012fmon\u0119).\u00a0<\/strong>Mes padedame pradedan\u010diam verslininkui susivokti nuo ko reikalinga prad\u0117ti darb\u0105, \u012fsteigus \u012fmon\u0119, kur reikalinga kreiptis vienu ar kitu klausimu, kokiais dokumentais reikalinga apsir\u016bpinti, norint prad\u0117ti dirbti, nepa\u017eeid\u017eiant galiojan\u010di\u0173 \u012fstatym\u0173. Galime parengti beveik visus reikiamus dokumentus &#8211; darbuotoj\u0173 saugos ir sveikatos ir kt.<\/li>\n<li><strong>Mokes\u010di\u0173 sistemos analiz\u0117.<\/strong>\u00a0Ra\u0161tu pateikiame vis\u0105 naujausi\u0105 informacij\u0105 apie reikalingus mok\u0117ti Valstybei mokes\u010dius pasirinktos juridin\u0117s formos juridiniam asmeniui (\u012fmonei).<\/li>\n<li><strong>Licencijos ir leidimai.<\/strong>\u00a0Visa eil\u0117 veikl\u0173 Lietuvoje galima atlikti tik gavus licencij\u0105, arba leidim\u0105. Mes informuojame verslininkus apie tai kokios veiklos yra licencijuojamos ir kokios yra licencij\u0173 gavimo s\u0105lygos. Daugeliu atvej\u0173, u\u017e papildom\u0105 mokest\u012f, galime parengti reikiamus dokumentus licencijos gavimui.<\/li>\n<li><strong>Galimi verslo finansavimo variantai.<\/strong>\u00a0Aptariame visus galimus konkretaus pasirinkto verslo finansavimo instrumentus bei padedame pasirinkti labiausiai tinkant\u012f (-\u010dius). J\u0173 gali b\u016bti \u012fvairi\u0173: paskolos (da\u017eniausiai bankin\u0117s arba kredit\u0173 unij\u0173), akcij\u0173 pardavimas, nepaskirstytas pelnas, lizingo bendrov\u0117s ir \u012frangos gamintojai ar tiek\u0117jai, kredito linija, kredito limitas, faktoringas,<\/li>\n<li><strong>Paramos pasirinktam verslui galimybi\u0173 analiz\u0117.<\/strong>\u00a0Priklausomai nuo pasirinktos verslo r\u016b\u0161ies Lietuvoje yra daug galimybi\u0173 gauti param\u0105 verslui. Ji gali b\u016bti sekan\u010di\u0173 form\u0173: mikrokreditai, garant\u0173 teikimas (tarp j\u0173 pal\u016bkan\u0173 kompensavimas garantuotoms paskoloms), pal\u016bkan\u0173 kompensavimas subalansuotos pl\u0117tros projektams, privataus kapitalo fond\u0173 parama, nacionalin\u0117 param\u0105, savivaldybi\u0173 parama verslui, Europos S\u0105jungos strukt\u016brini\u0173 fond\u0173 parama. Mes daug dirbame su verslo \u012fmon\u0117mis, rengdami dokumentus, siekiant gauti \u012fvair\u0173 r\u016b\u0161i\u0173 param\u0105, tod\u0117l gal\u0117sime kvalifikuotai patarti kaip pasirinkti vien\u0105, ar kit\u0105 paramos verslui r\u016b\u0161\u012f bei pagelb\u0117ti parengiant b\u016btinus dokumentus jos gavimui.<\/li>\n<li><strong>Kiti klausimai.<\/strong>\u00a0Mes galime pad\u0117ti i\u0161spr\u0119sti bet kur\u012f kit\u0105 klausim\u0105, susijus\u012f su J\u016bs\u0173 verslu.<\/li>\n<\/ol>\n<!-- \/wp:list --><!-- wp:paragraph -->\n<p>Klientui pageidaujant, pateikiame apytiksl\u012f verslo prognoz\u0117s skai\u010diavim\u0105 pagal kliento numatom\u0105 veiklos srit\u012f ir \u012fmon\u0117s valdymo strukt\u016br\u0105.\u00a0\u00a0Kartu suteikiame informacij\u0105 apie reikalingus mok\u0117ti mokes\u010dius, verslo rizikas, reikalingus \u012fmon\u0117s veiklai dokumentus bei j\u0173 rengimo galimybes.<\/p>\n<!-- \/wp:paragraph --><!-- wp:paragraph --><!-- \/wp:paragraph -->\t\t\t\t\t<\/div>\n\t\t\t\t\t\t<\/div>\n\t\t\t\t<\/div>\n\t\t\t\t\t\t<\/div>\n\t\t\t\t\t<\/div>\n\t\t<\/div>\n\t\t\t\t\t\t\t\t<\/div>\n\t\t\t\t\t<\/div>\n\t\t<\/section>\n\t\t\t\t\t\t\t\t\t<\/div>\n\t\t\t<\/div>\n\t\t\t\t\t<\/div>\n\t\t","protected":false},"excerpt":{"rendered":"<p>Mes esame sukaup\u0119 labai daug informacijos, kuri ypa\u010d gali b\u016bti naudinga pradedantiems versl\u0105 \u017emon\u0117ms. Pagrindinis m\u016bs\u0173 pasirinktas bendravimo b\u016bdas &#8211; betarpi\u0161k\u0173 konsultacij\u0173 teikimas \u017emon\u0117ms, norintiems prad\u0117ti savo versl\u0105, kadangi tik betarpi\u0161ko bendravimo metu galima iki galo i\u0161siai\u0161kinti visus aktualius klausimus. Tod\u0117l pirmajai konsultacijai kvie\u010diame Jus \u012f m\u016bs\u0173 biur\u0105 (Gabijos g. 38-8, Vilnius), o po to &hellip;<\/p>\n<p class=\"read-more\"> <a class=\"\" href=\"https:\/\/verslopagreitis.lt\/?page_id=605\"> <span class=\"screen-reader-text\">Konsultacijos pradedantiems versl\u0105<\/span> Read More &raquo;<\/a><\/p>\n","protected":false},"author":1,"featured_media":0,"parent":0,"menu_order":0,"comment_status":"closed","ping_status":"closed","template":"","meta":{"site-sidebar-layout":"no-sidebar","site-content-layout":"default","ast-global-header-display":"","ast-main-header-display":"","ast-hfb-above-header-display":"","ast-hfb-below-header-display":"","ast-hfb-mobile-header-display":"","site-post-title":"","ast-breadcrumbs-content":"","ast-featured-img":"","footer-sml-layout":"","theme-transparent-header-meta":"default","adv-header-id-meta":"","stick-header-meta":"","header-above-stick-meta":"","header-main-stick-meta":"","header-below-stick-meta":""},"_links":{"self":[{"href":"https:\/\/verslopagreitis.lt\/index.php?rest_route=\/wp\/v2\/pages\/605"}],"collection":[{"href":"https:\/\/verslopagreitis.lt\/index.php?rest_route=\/wp\/v2\/pages"}],"about":[{"href":"https:\/\/verslopagreitis.lt\/index.php?rest_route=\/wp\/v2\/types\/page"}],"author":[{"embeddable":true,"href":"https:\/\/verslopagreitis.lt\/index.php?rest_route=\/wp\/v2\/users\/1"}],"replies":[{"embeddable":true,"href":"https:\/\/verslopagreitis.lt\/index.php?rest_route=%2Fwp%2Fv2%2Fcomments&post=605"}],"version-history":[{"count":7,"href":"https:\/\/verslopagreitis.lt\/index.php?rest_route=\/wp\/v2\/pages\/605\/revisions"}],"predecessor-version":[{"id":954,"href":"https:\/\/verslopagreitis.lt\/index.php?rest_route=\/wp\/v2\/pages\/605\/revisions\/954"}],"wp:attachment":[{"href":"https:\/\/verslopagreitis.lt\/index.php?rest_route=%2Fwp%2Fv2%2Fmedia&parent=605"}],"curies":[{"name":"wp","href":"https:\/\/api.w.org\/{rel}","templated":true}]}}