{"id":509,"date":"2020-04-13T09:43:59","date_gmt":"2020-04-13T07:43:59","guid":{"rendered":"https:\/\/verslopagreitis.blog.lt.verslopagreitis.lt\/business\/?page_id=509"},"modified":"2022-08-04T16:02:20","modified_gmt":"2022-08-04T14:02:20","slug":"imoniu-steigimas-pertvarkymas-ir-pan","status":"publish","type":"page","link":"https:\/\/verslopagreitis.lt\/?page_id=509","title":{"rendered":"Dokument\u0173 rengimas \u012fstaigoms, registruojantis eSveikata sistemoje"},"content":{"rendered":"\t\t<div data-elementor-type=\"wp-page\" data-elementor-id=\"509\" class=\"elementor elementor-509\">\n\t\t\t\t\t\t<div class=\"elementor-inner\">\n\t\t\t\t<div class=\"elementor-section-wrap\">\n\t\t\t\t\t\t\t\t\t<section class=\"elementor-section elementor-top-section elementor-element elementor-element-562e6bec elementor-section-boxed elementor-section-height-default elementor-section-height-default\" data-id=\"562e6bec\" data-element_type=\"section\">\n\t\t\t\t\t\t<div class=\"elementor-container elementor-column-gap-default\">\n\t\t\t\t\t\t\t<div class=\"elementor-row\">\n\t\t\t\t\t<div class=\"elementor-column elementor-col-100 elementor-top-column elementor-element elementor-element-61251c0d\" data-id=\"61251c0d\" data-element_type=\"column\">\n\t\t\t<div class=\"elementor-column-wrap elementor-element-populated\">\n\t\t\t\t\t\t\t<div class=\"elementor-widget-wrap\">\n\t\t\t\t\t\t<div class=\"elementor-element elementor-element-6c79e525 elementor-widget elementor-widget-text-editor\" data-id=\"6c79e525\" data-element_type=\"widget\" data-widget_type=\"text-editor.default\">\n\t\t\t\t<div class=\"elementor-widget-container\">\n\t\t\t\t\t\t\t\t<div class=\"elementor-text-editor elementor-clearfix\">\n\t\t\t\t<!-- wp:image {\"id\":516,\"sizeSlug\":\"large\"} -->\n<figure class=\"wp-block-image size-large\"><img loading=\"lazy\" class=\"size-medium wp-image-1002 alignright\" src=\"https:\/\/verslopagreitis.lt\/wp-content\/uploads\/2022\/04\/full-body-checkup-1-300x191.jpeg\" alt=\"\" width=\"300\" height=\"191\" srcset=\"https:\/\/verslopagreitis.lt\/wp-content\/uploads\/2022\/04\/full-body-checkup-1-300x191.jpeg 300w, https:\/\/verslopagreitis.lt\/wp-content\/uploads\/2022\/04\/full-body-checkup-1.jpeg 500w\" sizes=\"(max-width: 300px) 100vw, 300px\" \/><\/figure>\n<!-- \/wp:image --><!-- wp:paragraph -->\n<p>\u00a0<\/p>\n<p>\u00a0<\/p>\n<p>M\u016bs\u0173 \u012fmon\u0117s specialistai parengia visus reikiamus dokumentus bet kokio profilio ASP\u012e registruojantis Elektronin\u0117je sveikatos paslaug\u0173 ir bendradarbiavimo informacin\u0117je sistemoje (ESPBI IS).<\/p>\n<p>Informacin\u0117s sistemos u\u017edavinys: automatizuoti su sveikatos prie\u017ei\u016bros paslaug\u0173 teikimu pacientams susijusius klinikinius ir administracinius veiklos procesus bei u\u017etikrinti pacient\u0173 elektronin\u0117s medicinos istorijos duomen\u0173 automatiniu b\u016bdu pateikim\u0105 \u012f ESPBI IS.<\/p>\n<p>Padedame i\u0161spr\u0119sti visas kylan\u010dias problemas ir tuo atveju, jeigu \u012fstaiga naudosis Elektronine sveikatos paslaug\u0173 ir bendradarbiavimo informacine sistema per savo informacin\u0119 sistem\u0105 pvz. Foxus, Polis ir pan.<\/p>\n<p><!-- \/wp:paragraph --><!-- wp:paragraph --><\/p>\n<p>Skambinkite, ra\u0161ykite ir mes Jums pad\u0117sime.<\/p>\n<!-- \/wp:paragraph --><!-- wp:paragraph -->\n<p>\u00a0 \u00a0<\/p>\n<!-- \/wp:paragraph -->\t\t\t\t\t<\/div>\n\t\t\t\t\t\t<\/div>\n\t\t\t\t<\/div>\n\t\t\t\t\t\t<\/div>\n\t\t\t\t\t<\/div>\n\t\t<\/div>\n\t\t\t\t\t\t\t\t<\/div>\n\t\t\t\t\t<\/div>\n\t\t<\/section>\n\t\t\t\t\t\t\t\t\t<\/div>\n\t\t\t<\/div>\n\t\t\t\t\t<\/div>\n\t\t","protected":false},"excerpt":{"rendered":"<p>\u00a0 \u00a0 M\u016bs\u0173 \u012fmon\u0117s specialistai parengia visus reikiamus dokumentus bet kokio profilio ASP\u012e registruojantis Elektronin\u0117je sveikatos paslaug\u0173 ir bendradarbiavimo informacin\u0117je sistemoje (ESPBI IS). Informacin\u0117s sistemos u\u017edavinys: automatizuoti su sveikatos prie\u017ei\u016bros paslaug\u0173 teikimu pacientams susijusius klinikinius ir administracinius veiklos procesus bei u\u017etikrinti pacient\u0173 elektronin\u0117s medicinos istorijos duomen\u0173 automatiniu b\u016bdu pateikim\u0105 \u012f ESPBI IS. Padedame i\u0161spr\u0119sti visas &hellip;<\/p>\n<p class=\"read-more\"> <a class=\"\" href=\"https:\/\/verslopagreitis.lt\/?page_id=509\"> <span class=\"screen-reader-text\">Dokument\u0173 rengimas \u012fstaigoms, registruojantis eSveikata sistemoje<\/span> Read More &raquo;<\/a><\/p>\n","protected":false},"author":1,"featured_media":0,"parent":0,"menu_order":0,"comment_status":"closed","ping_status":"closed","template":"","meta":{"site-sidebar-layout":"no-sidebar","site-content-layout":"default","ast-global-header-display":"","ast-main-header-display":"","ast-hfb-above-header-display":"","ast-hfb-below-header-display":"","ast-hfb-mobile-header-display":"","site-post-title":"","ast-breadcrumbs-content":"","ast-featured-img":"","footer-sml-layout":"","theme-transparent-header-meta":"default","adv-header-id-meta":"","stick-header-meta":"","header-above-stick-meta":"","header-main-stick-meta":"","header-below-stick-meta":""},"_links":{"self":[{"href":"https:\/\/verslopagreitis.lt\/index.php?rest_route=\/wp\/v2\/pages\/509"}],"collection":[{"href":"https:\/\/verslopagreitis.lt\/index.php?rest_route=\/wp\/v2\/pages"}],"about":[{"href":"https:\/\/verslopagreitis.lt\/index.php?rest_route=\/wp\/v2\/types\/page"}],"author":[{"embeddable":true,"href":"https:\/\/verslopagreitis.lt\/index.php?rest_route=\/wp\/v2\/users\/1"}],"replies":[{"embeddable":true,"href":"https:\/\/verslopagreitis.lt\/index.php?rest_route=%2Fwp%2Fv2%2Fcomments&post=509"}],"version-history":[{"count":19,"href":"https:\/\/verslopagreitis.lt\/index.php?rest_route=\/wp\/v2\/pages\/509\/revisions"}],"predecessor-version":[{"id":1066,"href":"https:\/\/verslopagreitis.lt\/index.php?rest_route=\/wp\/v2\/pages\/509\/revisions\/1066"}],"wp:attachment":[{"href":"https:\/\/verslopagreitis.lt\/index.php?rest_route=%2Fwp%2Fv2%2Fmedia&parent=509"}],"curies":[{"name":"wp","href":"https:\/\/api.w.org\/{rel}","templated":true}]}}