{"id":458,"date":"2020-04-13T07:51:48","date_gmt":"2020-04-13T07:51:48","guid":{"rendered":"https:\/\/verslopagreitis.blog.lt.verslopagreitis.lt\/business\/?page_id=458"},"modified":"2022-11-22T12:43:02","modified_gmt":"2022-11-22T10:43:02","slug":"kokybes-vadybos-sistemos-dokumentu-parengimas","status":"publish","type":"page","link":"https:\/\/verslopagreitis.lt\/?page_id=458","title":{"rendered":"Medicinos \u012fstaig\u0173 dokument\u0173 rengimas"},"content":{"rendered":"\t\t<div data-elementor-type=\"wp-page\" data-elementor-id=\"458\" class=\"elementor elementor-458\">\n\t\t\t\t\t\t<div class=\"elementor-inner\">\n\t\t\t\t<div class=\"elementor-section-wrap\">\n\t\t\t\t\t\t\t\t\t<section class=\"elementor-section elementor-top-section elementor-element elementor-element-4c6115c2 elementor-section-stretched elementor-section-boxed elementor-section-height-default elementor-section-height-default\" data-id=\"4c6115c2\" data-element_type=\"section\" data-settings=\"{&quot;stretch_section&quot;:&quot;section-stretched&quot;}\">\n\t\t\t\t\t\t<div class=\"elementor-container elementor-column-gap-default\">\n\t\t\t\t\t\t\t<div class=\"elementor-row\">\n\t\t\t\t\t<div class=\"elementor-column elementor-col-100 elementor-top-column elementor-element elementor-element-79ad4b4b\" data-id=\"79ad4b4b\" data-element_type=\"column\">\n\t\t\t<div class=\"elementor-column-wrap elementor-element-populated\">\n\t\t\t\t\t\t\t<div class=\"elementor-widget-wrap\">\n\t\t\t\t\t\t<div class=\"elementor-element elementor-element-721404bc elementor-widget elementor-widget-text-editor\" data-id=\"721404bc\" data-element_type=\"widget\" data-widget_type=\"text-editor.default\">\n\t\t\t\t<div class=\"elementor-widget-container\">\n\t\t\t\t\t\t\t\t<div class=\"elementor-text-editor elementor-clearfix\">\n\t\t\t\t<p><!-- wp:image {\"id\":489,\"sizeSlug\":\"large\"} --><\/p>\n<figure class=\"wp-block-image size-large\"><img loading=\"lazy\" class=\"wp-image-489 alignright\" src=\"http:\/\/verslopagreitis.lt\/wp-content\/uploads\/2020\/04\/doctor-medical-medicine-563428-1024x682.jpg\" alt=\"doctor, medical, medicine\" width=\"300\" height=\"200\" \/><\/figure>\n<p><!-- \/wp:image --><!-- wp:paragraph --><\/p>\n<p class=\"western\"><span style=\"font-family: Arial, sans-serif;\"><span style=\"font-size: large;\"><span style=\"color: #0a0a0a;\">\u00a0 \u00a0Jeigu nusprend\u0117te parengti, arba atnaujinti, J\u016bs\u0173 asmens sveikatos prie\u017ei\u016bros \u012fstaigos (ASP\u012e) medicinos dokumentus, galite kreiptis \u012f UAB \u201eVerslo pagreitis\u201d (tel. +37060609177), ir m\u016bs\u0173 kvalifikuoti specialistai suteiks Jums visas reikiamas paslaugas. Jeigu nuspr\u0119site pasinaudoti m\u016bs\u0173 teikiamomis paslaugomis, atvyksime \u012f J\u016bs\u0173 \u012fstaig\u0105 ir, surink\u0119 vis\u0105 reikiam\u0105 informacij\u0105, pasira\u0161ysime darb\u0173 atlikimo sutart\u012f. Medicinos dokument\u0173 parengimas paprastai u\u017etrunka iki 3 savai\u010di\u0173, bet, esant reikalui, galimas skubus dokument\u0173 parengimas (per 1-2 darbo dienas). M\u016bs\u0173 specialistai turi pakankamai patirties ir kvalifikacijos tinkamai parengti visus dokumentus pagal galiojan\u010dias higienos normas, \u201eMinimali\u0173 asmens sveikatos prie\u017ei\u016bros paslaug\u0173 kokyb\u0117s reikalavim\u0173 apra\u0161\u0105\u201c ir kitus galiojan\u010dius LR teis\u0117s akt\u0173 reikalavimus vis\u0173 medicinos sri\u010di\u0173 \u012fstaigoms. G<\/span><span style=\"color: #000000;\">alime pad\u0117ti Jums geriau pasirengti galimiems valstybini\u0173 institucij\u0173 patikrinimams atliekant licencijos s\u0105lyg\u0173 laikymosi prie\u017ei\u016br\u0105, asmens sveikatos prie\u017ei\u016bros paslaug\u0173 prieinamumo ir kokyb\u0117s valstybin\u0119 prie\u017ei\u016br\u0105 ir kt.<\/span><\/span><\/span><\/p>\n<p><span style=\"font-family: Arial, sans-serif;\"><span style=\"font-size: large;\"><span style=\"color: #0a0a0a;\">Taip pat pare<\/span><span style=\"color: #0a0a0a;\">ngiame visus <\/span><span style=\"color: #0a0a0a;\">reikiamus <\/span><span style=\"color: #0a0a0a;\">dokumentus <\/span><span style=\"color: #0a0a0a;\">siekiant <\/span><span style=\"color: #0a0a0a;\">ASP\u012e sudar<\/span><span style=\"color: #0a0a0a;\">yti<\/span> <span style=\"color: #0a0a0a;\">sutart\u012f su <\/span><span style=\"color: #0a0a0a;\">Elektronin\u0117s sveikatos paslaug\u0173 ir bendradarbiavimo infrastrukt\u016bros informacin\u0117s sistem<\/span><span style=\"color: #0a0a0a;\">a<\/span><span style=\"color: #0a0a0a;\"> (ESPBI IS) <\/span><span style=\"color: #0a0a0a;\">d\u0117l jos naudojimo<\/span><span style=\"color: #0a0a0a;\">. <\/span><\/span><\/span><\/p>\n<p><span style=\"font-family: Arial, sans-serif;\"><span style=\"font-size: large;\"><span style=\"color: #0a0a0a;\">Sutart\u012f su ESPBI IS privalo sudaryti visos asmens sveikatos prie\u017ei\u016bros \u012fstaigos, pildyti elektroninius dokumentus bei teikti j\u0173 duomenis \u012f \u0161i\u0105 sistem\u0105 nuo 2022 m. rugs\u0117jo 1 d. <\/span> <\/span><\/span><\/p>\n<p><span style=\"font-family: Arial, sans-serif;\"><span style=\"font-size: large;\"> Konsultuojame, rengiame dokumentus, \u012fstaigoms pageidaujan\u010dioms naudotis ESPBI IS duomen\u0173 main\u0173 posisteme (pvz. FOXUS, POLIS ir pan.), arba portalu <span style=\"color: #333333;\"><a style=\"color: #333333;\" href=\"http:\/\/www.esveikata.lt\/\">www.esveikata.lt<\/a>.<\/span><\/span><\/span><\/p>\n<p class=\"western\"><span style=\"color: #000000;\"><span style=\"font-family: Arial, sans-serif;\"><span style=\"font-size: large;\">Rengiam\u0173 ASP\u012e dokument\u0173 s\u0105ra\u0161\u0105 galite pa\u017ei\u016br\u0117ti \u010dia <\/span><\/span><\/span><span style=\"color: #3366ff;\"><span lang=\"zxx\"><a style=\"color: #3366ff;\" href=\"https:\/\/verslopagreitis.lt\/?page_id=491\" target=\"_blank\" rel=\"noopener\"><span style=\"font-family: Arial, sans-serif;\"><span style=\"font-size: large;\">&gt;&gt;&gt;&gt;<\/span><\/span><\/a><\/span><\/span><\/p>\n<p class=\"western\"><span style=\"color: #000000;\"><span style=\"font-family: Arial, sans-serif;\"><span style=\"font-size: large;\">M\u016bs\u0173 specialistai yra pareng\u0119 reikiamus dokumentus visai eilei asmens sveikatos prie\u017ei\u016bros \u012fstaig\u0173 Lietuvoje. Su \u0161i\u0173 \u012fstaig\u0173 s\u0105ra\u0161u galima susipa\u017einti \u0161io tinklapio skyriuje <\/span><\/span><\/span><span style=\"color: #3366ff;\"><span lang=\"zxx\"><a style=\"color: #3366ff;\" href=\"https:\/\/verslopagreitis.lt\/?page_id=910\" target=\"_blank\" rel=\"noopener\"><span style=\"font-family: Arial, sans-serif;\"><span style=\"font-size: large;\">\u201cM\u016bs\u0173 patirtis\u201d<\/span><\/span><\/a><\/span><\/span><\/p>\n<p><!-- \/wp:paragraph --><!-- wp:paragraph --><\/p>\n<p><!-- \/wp:paragraph --><\/p>\t\t\t\t\t<\/div>\n\t\t\t\t\t\t<\/div>\n\t\t\t\t<\/div>\n\t\t\t\t\t\t<\/div>\n\t\t\t\t\t<\/div>\n\t\t<\/div>\n\t\t\t\t\t\t\t\t<\/div>\n\t\t\t\t\t<\/div>\n\t\t<\/section>\n\t\t\t\t\t\t\t\t\t<\/div>\n\t\t\t<\/div>\n\t\t\t\t\t<\/div>\n\t\t","protected":false},"excerpt":{"rendered":"<p>\u00a0 \u00a0Jeigu nusprend\u0117te parengti, arba atnaujinti, J\u016bs\u0173 asmens sveikatos prie\u017ei\u016bros \u012fstaigos (ASP\u012e) medicinos dokumentus, galite kreiptis \u012f UAB \u201eVerslo pagreitis\u201d (tel. +37060609177), ir m\u016bs\u0173 kvalifikuoti specialistai suteiks Jums visas reikiamas paslaugas. Jeigu nuspr\u0119site pasinaudoti m\u016bs\u0173 teikiamomis paslaugomis, atvyksime \u012f J\u016bs\u0173 \u012fstaig\u0105 ir, surink\u0119 vis\u0105 reikiam\u0105 informacij\u0105, pasira\u0161ysime darb\u0173 atlikimo sutart\u012f. Medicinos dokument\u0173 parengimas paprastai u\u017etrunka &hellip;<\/p>\n<p class=\"read-more\"> <a class=\"\" href=\"https:\/\/verslopagreitis.lt\/?page_id=458\"> <span class=\"screen-reader-text\">Medicinos \u012fstaig\u0173 dokument\u0173 rengimas<\/span> Read More &raquo;<\/a><\/p>\n","protected":false},"author":1,"featured_media":0,"parent":0,"menu_order":0,"comment_status":"closed","ping_status":"closed","template":"","meta":{"site-sidebar-layout":"no-sidebar","site-content-layout":"default","ast-global-header-display":"","ast-main-header-display":"","ast-hfb-above-header-display":"","ast-hfb-below-header-display":"","ast-hfb-mobile-header-display":"","site-post-title":"","ast-breadcrumbs-content":"","ast-featured-img":"","footer-sml-layout":"","theme-transparent-header-meta":"default","adv-header-id-meta":"","stick-header-meta":"","header-above-stick-meta":"","header-main-stick-meta":"","header-below-stick-meta":""},"_links":{"self":[{"href":"https:\/\/verslopagreitis.lt\/index.php?rest_route=\/wp\/v2\/pages\/458"}],"collection":[{"href":"https:\/\/verslopagreitis.lt\/index.php?rest_route=\/wp\/v2\/pages"}],"about":[{"href":"https:\/\/verslopagreitis.lt\/index.php?rest_route=\/wp\/v2\/types\/page"}],"author":[{"embeddable":true,"href":"https:\/\/verslopagreitis.lt\/index.php?rest_route=\/wp\/v2\/users\/1"}],"replies":[{"embeddable":true,"href":"https:\/\/verslopagreitis.lt\/index.php?rest_route=%2Fwp%2Fv2%2Fcomments&post=458"}],"version-history":[{"count":36,"href":"https:\/\/verslopagreitis.lt\/index.php?rest_route=\/wp\/v2\/pages\/458\/revisions"}],"predecessor-version":[{"id":1098,"href":"https:\/\/verslopagreitis.lt\/index.php?rest_route=\/wp\/v2\/pages\/458\/revisions\/1098"}],"wp:attachment":[{"href":"https:\/\/verslopagreitis.lt\/index.php?rest_route=%2Fwp%2Fv2%2Fmedia&parent=458"}],"curies":[{"name":"wp","href":"https:\/\/api.w.org\/{rel}","templated":true}]}}