{"id":457,"date":"2020-04-13T07:51:48","date_gmt":"2020-04-13T05:51:48","guid":{"rendered":"https:\/\/verslopagreitis.blog.lt.verslopagreitis.lt\/business\/?page_id=457"},"modified":"2022-11-22T12:05:17","modified_gmt":"2022-11-22T10:05:17","slug":"dokumentu-reikalingu-aspi-licencijai-gauti-parengimas","status":"publish","type":"page","link":"https:\/\/verslopagreitis.lt\/?page_id=457","title":{"rendered":"Leidimas higienos pasas ir medicinos licencija"},"content":{"rendered":"\t\t<div data-elementor-type=\"wp-page\" data-elementor-id=\"457\" class=\"elementor elementor-457\">\n\t\t\t\t\t\t<div class=\"elementor-inner\">\n\t\t\t\t<div class=\"elementor-section-wrap\">\n\t\t\t\t\t\t\t\t\t<section class=\"elementor-section elementor-top-section elementor-element elementor-element-6df79cbc elementor-section-stretched elementor-section-boxed elementor-section-height-default elementor-section-height-default\" data-id=\"6df79cbc\" data-element_type=\"section\" data-settings=\"{&quot;stretch_section&quot;:&quot;section-stretched&quot;}\">\n\t\t\t\t\t\t<div class=\"elementor-container elementor-column-gap-default\">\n\t\t\t\t\t\t\t<div class=\"elementor-row\">\n\t\t\t\t\t<div class=\"elementor-column elementor-col-100 elementor-top-column elementor-element elementor-element-36f82a53\" data-id=\"36f82a53\" data-element_type=\"column\">\n\t\t\t<div class=\"elementor-column-wrap elementor-element-populated\">\n\t\t\t\t\t\t\t<div class=\"elementor-widget-wrap\">\n\t\t\t\t\t\t<div class=\"elementor-element elementor-element-736cb0a0 elementor-widget elementor-widget-text-editor\" data-id=\"736cb0a0\" data-element_type=\"widget\" data-widget_type=\"text-editor.default\">\n\t\t\t\t<div class=\"elementor-widget-container\">\n\t\t\t\t\t\t\t\t<div class=\"elementor-text-editor elementor-clearfix\">\n\t\t\t\t<h3><!-- wp:image {\"id\":484,\"sizeSlug\":\"large\"} --><\/h3>\n<p class=\"wp-block-image size-large\"><img loading=\"lazy\" class=\"wp-image-484 alignright\" src=\"http:\/\/verslopagreitis.lt\/wp-content\/uploads\/2020\/04\/doctor-dentist-dental-1149149-1024x682.jpg\" alt=\"doctor, dentist, dental\" width=\"300\" height=\"200\" \/><\/p>\n<!-- \/wp:image --><!-- wp:paragraph -->\n<p class=\"western\"><span style=\"color: #0a0a0a;\">\u00a0<\/span>\u00a0 <span style=\"font-family: Arial, sans-serif;\"><span style=\"font-size: large;\"><span style=\"color: #0a0a0a;\">Mes rengiame ir pateikiame valstyb\u0117s institucijoms visus reikiamus dokumentus \u0161iems medicinos leidimams gauti:<\/span><\/span><\/span><\/p>\n<ul>\n<li>\n<p class=\"western\"><span style=\"font-family: Arial, sans-serif;\"><span style=\"font-size: large;\"><span style=\"color: #0a0a0a;\">leidimui higienos pasui;<\/span><\/span><\/span><\/p>\n<\/li>\n<li>\n<p class=\"western\"><span style=\"font-family: Arial, sans-serif;\"><span style=\"font-size: large;\"><span style=\"color: #0a0a0a;\">licencijai verstis asmens sveikatos prie\u017ei\u016bros (ASP) veikla ir teikti\u00a0 asmens sveikatos prie\u017ei\u016bros paslaugas (medicinos licencijai)<\/span><\/span><\/span><\/p>\n<\/li>\n<\/ul>\n<p class=\"western\"><span style=\"color: #0a0a0a;\">\u00a0\u00a0 <\/span><span style=\"color: #0a0a0a;\"><span style=\"font-family: Arial, sans-serif;\"><span style=\"font-size: large;\">Rengiame medicinos <\/span><\/span><\/span><span style=\"color: #0a0a0a;\"><span style=\"font-family: Arial, sans-serif;\"><span style=\"font-size: large;\">licencij\u0173 gavimo<\/span><\/span><\/span><span style=\"color: #0a0a0a;\"><span style=\"font-family: Arial, sans-serif;\"><span style=\"font-size: large;\"> dokumentus vis\u0173 specializacij\u0173 medicinos \u012fstaigoms visoje Lietuvoje. \u012estaig\u0173, kurios m\u016bs\u0173 \u012fmon\u0117s paslaug\u0173 d\u0117ka gavo medicinos licencijas, s\u0105ra\u0161\u0105 galima rasti \u0161io tinklapio skyriuje\u00a0<\/span><\/span><\/span><span style=\"color: #000080;\"><span lang=\"zxx\"><a href=\"https:\/\/verslopagreitis.lt\/?page_id=910\"><span style=\"color: #2171ff;\"><span style=\"font-family: Arial, sans-serif;\"><span style=\"font-size: large;\">\u201cM\u016bs\u0173 patirtis\u201d.<\/span><\/span><\/span><\/a><\/span><\/span><\/p>\n<p class=\"western\"><span style=\"color: #0a0a0a;\">\u00a0\u00a0 <\/span><span style=\"color: #0a0a0a;\"><span style=\"font-family: Arial, sans-serif;\"><span style=\"font-size: large;\">M\u016bs\u0173 paslaugos pradedamos vykdyti nuo Kliento konsultavimo bei<\/span><\/span><\/span><span style=\"color: #0a0a0a;\"><span style=\"font-family: Arial, sans-serif;\"> i\u0161siai\u0161kinimo apie \u012fmon\u0117s\u00a0 galimybes gauti leidim\u0105 \u2013 higienos pas\u0105 ir medicinos licencij\u0105. Po to atliekama patalp\u0173 ap\u017ei\u016bra bei reikiam\u0173 dokument\u0173 parengimas ir pateikimas valstyb\u0117s institucijoms. Paslaugos baigiamos leidimo \u2013 higienos paso, medicinos licencijos gavimu.<\/span><\/span><\/p>\n<p class=\"western\"><span style=\"color: #0a0a0a;\">\u00a0\u00a0 <\/span><span style=\"font-family: Arial, sans-serif;\"><span style=\"font-size: large;\"><span style=\"color: #0a0a0a;\">Dokumentai rengiami remiantis Lietuvos Respublikos sveikatos apsaugos ministro 2004 m. gegu\u017e\u0117s 14 d. \u012fsakymu Nr. V-364 \u201cD\u0117l licencijuojam\u0173 asmens sveikatos prie\u017ei\u016bros paslaug\u0173 s\u0105ra\u0161\u0173 patvirtinimo\u201d (nauja redakcija patvirtinta Lietuvos Respublikos sveikatos apsaugos ministro 2006 m. baland\u017eio 11 d. \u012fsakymu Nr. V- 273), Lietuvos Respublikos sveikatos apsaugos ministro 2010 m. liepos 13 d. \u012fsakymu Nr. V-632 patvirtintomis \u201cLeidim\u0173-higienos pas\u0173 i\u0161davimo taisykl\u0117mis\u201d, \u201cAsmens sveikatos prie\u017ei\u016bros \u012fstaig\u0173 licencijavimo taisykl\u0117mis\u201d, patvirtintomis Lietuvos Respublikos sveikatos apsaugos ministro 2007 m. kovo 2 d. \u012fsakymu Nr. V-156 ir kit\u0173 galiojan\u010di\u0173 teis\u0117s akt\u0173 reikalavimais.<\/span><\/span><\/span><\/p>\n<p>\u00a0 \u00a0M\u016bs\u0173 \u012fmon\u0117s specialistai pad\u0117s Jums parengti visus reikalingus dokumentus, siekiant prisijungti prie Sveikatos apsaugos ministerijos valdomos Elektronin\u0117s sveikatos paslaug\u0173 ir bendradarbiavimo infrastrukt\u016bros informacin\u0117s sistemos (ESPBI IS). \u0160i sistema paprastai vadinama esveikata. I\u0161samiau apie prisijungim\u0105 prie sistemos esveikata galite paskaityti <a href=\"https:\/\/verslopagreitis.lt\/?page_id=509\">\u010dia&gt;&gt;&gt;<\/a><\/p>\n<!-- \/wp:paragraph -->\t\t\t\t\t<\/div>\n\t\t\t\t\t\t<\/div>\n\t\t\t\t<\/div>\n\t\t\t\t\t\t<\/div>\n\t\t\t\t\t<\/div>\n\t\t<\/div>\n\t\t\t\t\t\t\t\t<\/div>\n\t\t\t\t\t<\/div>\n\t\t<\/section>\n\t\t\t\t\t\t\t\t\t<\/div>\n\t\t\t<\/div>\n\t\t\t\t\t<\/div>\n\t\t","protected":false},"excerpt":{"rendered":"<p>\u00a0\u00a0 Mes rengiame ir pateikiame valstyb\u0117s institucijoms visus reikiamus dokumentus \u0161iems medicinos leidimams gauti: leidimui higienos pasui; licencijai verstis asmens sveikatos prie\u017ei\u016bros (ASP) veikla ir teikti\u00a0 asmens sveikatos prie\u017ei\u016bros paslaugas (medicinos licencijai) \u00a0\u00a0 Rengiame medicinos licencij\u0173 gavimo dokumentus vis\u0173 specializacij\u0173 medicinos \u012fstaigoms visoje Lietuvoje. \u012estaig\u0173, kurios m\u016bs\u0173 \u012fmon\u0117s paslaug\u0173 d\u0117ka gavo medicinos licencijas, s\u0105ra\u0161\u0105 galima &hellip;<\/p>\n<p class=\"read-more\"> <a class=\"\" href=\"https:\/\/verslopagreitis.lt\/?page_id=457\"> <span class=\"screen-reader-text\">Leidimas higienos pasas ir medicinos licencija<\/span> Read More &raquo;<\/a><\/p>\n","protected":false},"author":1,"featured_media":0,"parent":0,"menu_order":0,"comment_status":"closed","ping_status":"closed","template":"","meta":{"site-sidebar-layout":"no-sidebar","site-content-layout":"default","ast-global-header-display":"","ast-main-header-display":"","ast-hfb-above-header-display":"","ast-hfb-below-header-display":"","ast-hfb-mobile-header-display":"","site-post-title":"","ast-breadcrumbs-content":"","ast-featured-img":"","footer-sml-layout":"","theme-transparent-header-meta":"default","adv-header-id-meta":"","stick-header-meta":"","header-above-stick-meta":"","header-main-stick-meta":"","header-below-stick-meta":""},"_links":{"self":[{"href":"https:\/\/verslopagreitis.lt\/index.php?rest_route=\/wp\/v2\/pages\/457"}],"collection":[{"href":"https:\/\/verslopagreitis.lt\/index.php?rest_route=\/wp\/v2\/pages"}],"about":[{"href":"https:\/\/verslopagreitis.lt\/index.php?rest_route=\/wp\/v2\/types\/page"}],"author":[{"embeddable":true,"href":"https:\/\/verslopagreitis.lt\/index.php?rest_route=\/wp\/v2\/users\/1"}],"replies":[{"embeddable":true,"href":"https:\/\/verslopagreitis.lt\/index.php?rest_route=%2Fwp%2Fv2%2Fcomments&post=457"}],"version-history":[{"count":25,"href":"https:\/\/verslopagreitis.lt\/index.php?rest_route=\/wp\/v2\/pages\/457\/revisions"}],"predecessor-version":[{"id":1179,"href":"https:\/\/verslopagreitis.lt\/index.php?rest_route=\/wp\/v2\/pages\/457\/revisions\/1179"}],"wp:attachment":[{"href":"https:\/\/verslopagreitis.lt\/index.php?rest_route=%2Fwp%2Fv2%2Fmedia&parent=457"}],"curies":[{"name":"wp","href":"https:\/\/api.w.org\/{rel}","templated":true}]}}