{"id":455,"date":"2020-04-13T07:51:48","date_gmt":"2020-04-13T07:51:48","guid":{"rendered":"https:\/\/verslopagreitis.blog.lt.verslopagreitis.lt\/business\/?page_id=455"},"modified":"2020-04-30T10:15:13","modified_gmt":"2020-04-30T08:15:13","slug":"sprogimo-rizikos-vertinimas","status":"publish","type":"page","link":"https:\/\/verslopagreitis.lt\/?page_id=455","title":{"rendered":"Sprogimo rizikos vertinimas"},"content":{"rendered":"\t\t<div data-elementor-type=\"wp-page\" data-elementor-id=\"455\" class=\"elementor elementor-455\">\n\t\t\t\t\t\t<div class=\"elementor-inner\">\n\t\t\t\t<div class=\"elementor-section-wrap\">\n\t\t\t\t\t\t\t\t\t<section class=\"elementor-section elementor-top-section elementor-element elementor-element-505cd9 elementor-section-stretched elementor-section-boxed elementor-section-height-default elementor-section-height-default\" data-id=\"505cd9\" data-element_type=\"section\" data-settings=\"{&quot;stretch_section&quot;:&quot;section-stretched&quot;}\">\n\t\t\t\t\t\t<div class=\"elementor-container elementor-column-gap-default\">\n\t\t\t\t\t\t\t<div class=\"elementor-row\">\n\t\t\t\t\t<div class=\"elementor-column elementor-col-100 elementor-top-column elementor-element elementor-element-69ff65cc\" data-id=\"69ff65cc\" data-element_type=\"column\">\n\t\t\t<div class=\"elementor-column-wrap elementor-element-populated\">\n\t\t\t\t\t\t\t<div class=\"elementor-widget-wrap\">\n\t\t\t\t\t\t<div class=\"elementor-element elementor-element-3fc029f1 elementor-widget elementor-widget-text-editor\" data-id=\"3fc029f1\" data-element_type=\"widget\" data-widget_type=\"text-editor.default\">\n\t\t\t\t<div class=\"elementor-widget-container\">\n\t\t\t\t\t\t\t\t<div class=\"elementor-text-editor elementor-clearfix\">\n\t\t\t\t<!-- wp:image {\"id\":481,\"sizeSlug\":\"large\"} -->\n<figure class=\"wp-block-image size-large\"><img loading=\"lazy\" class=\"wp-image-481 size-medium alignright\" src=\"http:\/\/verslopagreitis.lt\/wp-content\/uploads\/2020\/04\/explosion-detonation-boom-417894-300x300.jpg\" alt=\"explosion, detonation, boom\" width=\"300\" height=\"300\" srcset=\"https:\/\/verslopagreitis.lt\/wp-content\/uploads\/2020\/04\/explosion-detonation-boom-417894-300x300.jpg 300w, https:\/\/verslopagreitis.lt\/wp-content\/uploads\/2020\/04\/explosion-detonation-boom-417894-1021x1024.jpg 1021w, https:\/\/verslopagreitis.lt\/wp-content\/uploads\/2020\/04\/explosion-detonation-boom-417894-150x150.jpg 150w, https:\/\/verslopagreitis.lt\/wp-content\/uploads\/2020\/04\/explosion-detonation-boom-417894-768x770.jpg 768w, https:\/\/verslopagreitis.lt\/wp-content\/uploads\/2020\/04\/explosion-detonation-boom-417894.jpg 1276w\" sizes=\"(max-width: 300px) 100vw, 300px\" \/><\/figure>\n<!-- \/wp:image --><!-- wp:paragraph -->\n<p>Atliekame viet\u0173, kuriose gali susidaryti sprogi aplinka, sprogimo rizikos vertinim\u0105. Gamybin\u0117s vietos, kuriose gali susidaryti sprogi aplinka, klasifikuojamos \u012f zonas, vadovaujantis Darbuotoj\u0173, dirban\u010di\u0173 potencialiai sprogioje aplinkoje, saugos nuostat\u0173 (patv. SAD 2005-09-30 \u012fsak. Nr.A1-262) bei standarto LST EN 60079-10-1 reikalavimais.<\/p>\n<!-- \/wp:paragraph --><!-- wp:paragraph -->\n<p>\u00a0 \u00a0 Pagal LST EN 60079-10-1 atliekami darbai:<\/p>\n<!-- \/wp:paragraph --><!-- wp:paragraph -->\n<p>\u00a0\u00a0\u00a0 &#8211; apatin\u0117s sprogimo ribos skai\u010diavimas bei \u012fvertinimas;<\/p>\n<!-- \/wp:paragraph --><!-- wp:paragraph -->\n<p>\u00a0\u00a0\u00a0 &#8211; sp\u0117jamojo t\u016brio skai\u010diavimas bei \u012fvertinimas;<\/p>\n<!-- \/wp:paragraph --><!-- wp:paragraph -->\n<p>\u00a0\u00a0\u00a0 &#8211; v\u0117dinimo laipsnio \u012fvertinimas;<\/p>\n<!-- \/wp:paragraph --><!-- wp:paragraph -->\n<p>\u00a0\u00a0\u00a0 &#8211; sprogi\u0173 (pavojing\u0173) zon\u0173 klasifikavimas bei grafinis j\u0173 pavaizdavimas;<\/p>\n<!-- \/wp:paragraph --><!-- wp:paragraph -->\n<p>\u00a0\u00a0\u00a0 &#8211; parengiamos praktin\u0117s ventiliacijos sistemos \u012frengimo (rekonstrukcijos) bei technologinio proceso koregavimo (jeigu b\u016btina) rekomendacijos.<\/p>\n<!-- \/wp:paragraph --><!-- wp:paragraph -->\n<p>\u00a0\u00a0\u00a0\u00a0 Esame sukaup\u0119 didel\u0119 patirt\u012f vertinant sprogos rizik\u0105 \u012fvairi\u0173 \u016bkio sri\u010di\u0173 \u012fmon\u0117se.<\/p>\n<!-- \/wp:paragraph --><!-- wp:paragraph -->\n<p>\u00a0\u00a0\u00a0\u00a0 Sprogimo rizikos vertinimo darbus atliekame visoje Lietuvoje<\/p>\n<!-- \/wp:paragraph -->\t\t\t\t\t<\/div>\n\t\t\t\t\t\t<\/div>\n\t\t\t\t<\/div>\n\t\t\t\t\t\t<\/div>\n\t\t\t\t\t<\/div>\n\t\t<\/div>\n\t\t\t\t\t\t\t\t<\/div>\n\t\t\t\t\t<\/div>\n\t\t<\/section>\n\t\t\t\t\t\t\t\t\t<\/div>\n\t\t\t<\/div>\n\t\t\t\t\t<\/div>\n\t\t","protected":false},"excerpt":{"rendered":"<p>Atliekame viet\u0173, kuriose gali susidaryti sprogi aplinka, sprogimo rizikos vertinim\u0105. Gamybin\u0117s vietos, kuriose gali susidaryti sprogi aplinka, klasifikuojamos \u012f zonas, vadovaujantis Darbuotoj\u0173, dirban\u010di\u0173 potencialiai sprogioje aplinkoje, saugos nuostat\u0173 (patv. SAD 2005-09-30 \u012fsak. Nr.A1-262) bei standarto LST EN 60079-10-1 reikalavimais. \u00a0 \u00a0 Pagal LST EN 60079-10-1 atliekami darbai: \u00a0\u00a0\u00a0 &#8211; apatin\u0117s sprogimo ribos skai\u010diavimas bei \u012fvertinimas; &hellip;<\/p>\n<p class=\"read-more\"> <a class=\"\" href=\"https:\/\/verslopagreitis.lt\/?page_id=455\"> <span class=\"screen-reader-text\">Sprogimo rizikos vertinimas<\/span> Read More &raquo;<\/a><\/p>\n","protected":false},"author":1,"featured_media":0,"parent":0,"menu_order":0,"comment_status":"closed","ping_status":"closed","template":"","meta":{"site-sidebar-layout":"no-sidebar","site-content-layout":"default","ast-global-header-display":"","ast-main-header-display":"","ast-hfb-above-header-display":"","ast-hfb-below-header-display":"","ast-hfb-mobile-header-display":"","site-post-title":"","ast-breadcrumbs-content":"","ast-featured-img":"","footer-sml-layout":"","theme-transparent-header-meta":"default","adv-header-id-meta":"","stick-header-meta":"","header-above-stick-meta":"","header-main-stick-meta":"","header-below-stick-meta":""},"_links":{"self":[{"href":"https:\/\/verslopagreitis.lt\/index.php?rest_route=\/wp\/v2\/pages\/455"}],"collection":[{"href":"https:\/\/verslopagreitis.lt\/index.php?rest_route=\/wp\/v2\/pages"}],"about":[{"href":"https:\/\/verslopagreitis.lt\/index.php?rest_route=\/wp\/v2\/types\/page"}],"author":[{"embeddable":true,"href":"https:\/\/verslopagreitis.lt\/index.php?rest_route=\/wp\/v2\/users\/1"}],"replies":[{"embeddable":true,"href":"https:\/\/verslopagreitis.lt\/index.php?rest_route=%2Fwp%2Fv2%2Fcomments&post=455"}],"version-history":[{"count":9,"href":"https:\/\/verslopagreitis.lt\/index.php?rest_route=\/wp\/v2\/pages\/455\/revisions"}],"predecessor-version":[{"id":934,"href":"https:\/\/verslopagreitis.lt\/index.php?rest_route=\/wp\/v2\/pages\/455\/revisions\/934"}],"wp:attachment":[{"href":"https:\/\/verslopagreitis.lt\/index.php?rest_route=%2Fwp%2Fv2%2Fmedia&parent=455"}],"curies":[{"name":"wp","href":"https:\/\/api.w.org\/{rel}","templated":true}]}}