{"id":453,"date":"2020-04-13T07:51:48","date_gmt":"2020-04-13T07:51:48","guid":{"rendered":"https:\/\/verslopagreitis.blog.lt.verslopagreitis.lt\/business\/?page_id=453"},"modified":"2025-01-05T16:02:58","modified_gmt":"2025-01-05T14:02:58","slug":"privalomu-dokumentu-parengimas","status":"publish","type":"page","link":"https:\/\/verslopagreitis.lt\/?page_id=453","title":{"rendered":"Leidimas higienos pasas gro\u017eio paslaugoms"},"content":{"rendered":"\t\t<div data-elementor-type=\"wp-page\" data-elementor-id=\"453\" class=\"elementor elementor-453\">\n\t\t\t\t\t\t<div class=\"elementor-inner\">\n\t\t\t\t<div class=\"elementor-section-wrap\">\n\t\t\t\t\t\t\t\t\t<section class=\"elementor-section elementor-top-section elementor-element elementor-element-b7c2e13 elementor-section-stretched elementor-section-boxed elementor-section-height-default elementor-section-height-default\" data-id=\"b7c2e13\" data-element_type=\"section\" data-settings=\"{&quot;stretch_section&quot;:&quot;section-stretched&quot;}\">\n\t\t\t\t\t\t<div class=\"elementor-container elementor-column-gap-default\">\n\t\t\t\t\t\t\t<div class=\"elementor-row\">\n\t\t\t\t\t<div class=\"elementor-column elementor-col-100 elementor-top-column elementor-element elementor-element-4976f48\" data-id=\"4976f48\" data-element_type=\"column\">\n\t\t\t<div class=\"elementor-column-wrap elementor-element-populated\">\n\t\t\t\t\t\t\t<div class=\"elementor-widget-wrap\">\n\t\t\t\t\t\t<div class=\"elementor-element elementor-element-3517789 elementor-widget elementor-widget-text-editor\" data-id=\"3517789\" data-element_type=\"widget\" data-widget_type=\"text-editor.default\">\n\t\t\t\t<div class=\"elementor-widget-container\">\n\t\t\t\t\t\t\t\t<div class=\"elementor-text-editor elementor-clearfix\">\n\t\t\t\t<p><!-- wp:image {\"id\":478,\"sizeSlug\":\"large\"} --><\/p>\n<figure class=\"wp-block-image size-large\"><\/figure>\n<p><!-- \/wp:image --><!-- wp:paragraph --><\/p>\n<p><img loading=\"lazy\" class=\"wp-image-1110 size-medium alignright\" src=\"https:\/\/verslopagreitis.lt\/wp-content\/uploads\/2024\/12\/woman-8277925_1280-245x300.jpg\" alt=\"\" width=\"245\" height=\"300\" srcset=\"https:\/\/verslopagreitis.lt\/wp-content\/uploads\/2024\/12\/woman-8277925_1280-245x300.jpg 245w, https:\/\/verslopagreitis.lt\/wp-content\/uploads\/2024\/12\/woman-8277925_1280-838x1024.jpg 838w, https:\/\/verslopagreitis.lt\/wp-content\/uploads\/2024\/12\/woman-8277925_1280-768x939.jpg 768w, https:\/\/verslopagreitis.lt\/wp-content\/uploads\/2024\/12\/woman-8277925_1280.jpg 1047w\" sizes=\"(max-width: 245px) 100vw, 245px\" \/>\u00a0 \u00a0Jeigu nusprend\u0117te u\u017esiimti gro\u017eio paslaug\u0173 veikla (plauk\u0173 prie\u017ei\u016bros paslaugomis, veido prie\u017ei\u016bros paslaugomis, k\u016bno prie\u017ei\u016bros paslaugomis, nag\u0173 prie\u017ei\u016bros paslaugomis, tatuiravimo paslaugomis, ilgalaikio makia\u017eo paslaugomis, papuo\u0161al\u0173 v\u0117rimo paslaugomis) jums bus reikalingas leidimas higienos pasas (LHP). M\u016bs\u0173 \u012fmon\u0117s darbuotojai gali pad\u0117ti visapusi\u0161kai nagrin\u0117jant pirminius dokumentus d\u0117l galimyb\u0117s gauti LHP, o taip pat atvykti veiklos adresu patikrinti patalp\u0173, inventoriaus parengim\u0105, patariant ir nurodant b\u016bdus, kaip i\u0161taisyti esan\u010dius tr\u016bkumus, kurie gal\u0117t\u0173 b\u016bti kli\u016btimi gaunant LHP. Patalp\u0173 patikrinimas atliekamas paprastai Klientui nedalyvaujanti, t. y. m\u016bs\u0173 specialistai organizuoja ir suderina patikrinimo dat\u0105 su Nacionaliniu visuomen\u0117s sveikatos centru ir atstovauja kliento interesus patikrinimo metu.<\/p>\n<p>\u00a0 Jeigu patalpos dar tik ketinamos pritaikyti gro\u017eio paslaug\u0173 veiklai, yra naudinga pasikonsultuoti su m\u016bs\u0173 \u012fmon\u0117s specialistais kuo anks\u010diau, geriausiai projektavimo darb\u0173 stadijoje, tam, kad jau atlikus statybos darbus, nereikt\u0173\u00a0 atlikti \u017eenkli\u0173 pakeitim\u0173.<\/p>\n<p>\u00a0 Galime pad\u0117ti gaunat LHP ir reikalingas licencijas ketinant vykdyti veikl\u0105 gro\u017eio ir asmens sveikatos prie\u017ei\u016bros veikl\u0105 tose pa\u010diose patalpose. Visose \u0161iose srityse turime daug patirties (\u017ei\u016br. m\u016bs\u0173 atlikt\u0173 darb\u0173 s\u0105ra\u0161\u0105<a href=\"https:\/\/verslopagreitis.lt\/?page_id=910\">&gt;&gt;&gt;&gt;<\/a>)<\/p>\n<p>\u00a0 Skambinkite, arba ra\u0161ykite ir mes Jums pad\u0117sime. <strong>Dirbame visoje Lietuvoje.<\/strong><\/p>\n<p><!-- \/wp:list --><\/p>\t\t\t\t\t<\/div>\n\t\t\t\t\t\t<\/div>\n\t\t\t\t<\/div>\n\t\t\t\t\t\t<\/div>\n\t\t\t\t\t<\/div>\n\t\t<\/div>\n\t\t\t\t\t\t\t\t<\/div>\n\t\t\t\t\t<\/div>\n\t\t<\/section>\n\t\t\t\t\t\t\t\t\t<\/div>\n\t\t\t<\/div>\n\t\t\t\t\t<\/div>\n\t\t","protected":false},"excerpt":{"rendered":"<p>\u00a0 \u00a0Jeigu nusprend\u0117te u\u017esiimti gro\u017eio paslaug\u0173 veikla (plauk\u0173 prie\u017ei\u016bros paslaugomis, veido prie\u017ei\u016bros paslaugomis, k\u016bno prie\u017ei\u016bros paslaugomis, nag\u0173 prie\u017ei\u016bros paslaugomis, tatuiravimo paslaugomis, ilgalaikio makia\u017eo paslaugomis, papuo\u0161al\u0173 v\u0117rimo paslaugomis) jums bus reikalingas leidimas higienos pasas (LHP). M\u016bs\u0173 \u012fmon\u0117s darbuotojai gali pad\u0117ti visapusi\u0161kai nagrin\u0117jant pirminius dokumentus d\u0117l galimyb\u0117s gauti LHP, o taip pat atvykti veiklos adresu patikrinti patalp\u0173, &hellip;<\/p>\n<p class=\"read-more\"> <a class=\"\" href=\"https:\/\/verslopagreitis.lt\/?page_id=453\"> <span class=\"screen-reader-text\">Leidimas higienos pasas gro\u017eio paslaugoms<\/span> Read More &raquo;<\/a><\/p>\n","protected":false},"author":1,"featured_media":0,"parent":0,"menu_order":0,"comment_status":"closed","ping_status":"closed","template":"","meta":{"site-sidebar-layout":"no-sidebar","site-content-layout":"default","ast-global-header-display":"","ast-main-header-display":"","ast-hfb-above-header-display":"","ast-hfb-below-header-display":"","ast-hfb-mobile-header-display":"","site-post-title":"","ast-breadcrumbs-content":"","ast-featured-img":"","footer-sml-layout":"","theme-transparent-header-meta":"default","adv-header-id-meta":"","stick-header-meta":"","header-above-stick-meta":"","header-main-stick-meta":"","header-below-stick-meta":""},"_links":{"self":[{"href":"https:\/\/verslopagreitis.lt\/index.php?rest_route=\/wp\/v2\/pages\/453"}],"collection":[{"href":"https:\/\/verslopagreitis.lt\/index.php?rest_route=\/wp\/v2\/pages"}],"about":[{"href":"https:\/\/verslopagreitis.lt\/index.php?rest_route=\/wp\/v2\/types\/page"}],"author":[{"embeddable":true,"href":"https:\/\/verslopagreitis.lt\/index.php?rest_route=\/wp\/v2\/users\/1"}],"replies":[{"embeddable":true,"href":"https:\/\/verslopagreitis.lt\/index.php?rest_route=%2Fwp%2Fv2%2Fcomments&post=453"}],"version-history":[{"count":36,"href":"https:\/\/verslopagreitis.lt\/index.php?rest_route=\/wp\/v2\/pages\/453\/revisions"}],"predecessor-version":[{"id":1192,"href":"https:\/\/verslopagreitis.lt\/index.php?rest_route=\/wp\/v2\/pages\/453\/revisions\/1192"}],"wp:attachment":[{"href":"https:\/\/verslopagreitis.lt\/index.php?rest_route=%2Fwp%2Fv2%2Fmedia&parent=453"}],"curies":[{"name":"wp","href":"https:\/\/api.w.org\/{rel}","templated":true}]}}