{"id":452,"date":"2020-04-13T07:51:48","date_gmt":"2020-04-13T07:51:48","guid":{"rendered":"https:\/\/verslopagreitis.blog.lt.verslopagreitis.lt\/business\/?page_id=452"},"modified":"2025-01-05T11:46:06","modified_gmt":"2025-01-05T09:46:06","slug":"profesines-rizikos-vertinimas","status":"publish","type":"page","link":"https:\/\/verslopagreitis.lt\/?page_id=452","title":{"rendered":"Leidimas higienos pasas kitoms (sporto klub\u0173, socialin\u0117ms ir t.t.) paslaugoms"},"content":{"rendered":"\t\t<div data-elementor-type=\"wp-page\" data-elementor-id=\"452\" class=\"elementor elementor-452\">\n\t\t\t\t\t\t<div class=\"elementor-inner\">\n\t\t\t\t<div class=\"elementor-section-wrap\">\n\t\t\t\t\t\t\t\t\t<section class=\"elementor-section elementor-top-section elementor-element elementor-element-51a0bc08 elementor-section-stretched elementor-section-boxed elementor-section-height-default elementor-section-height-default\" data-id=\"51a0bc08\" data-element_type=\"section\" data-settings=\"{&quot;stretch_section&quot;:&quot;section-stretched&quot;}\">\n\t\t\t\t\t\t<div class=\"elementor-container elementor-column-gap-default\">\n\t\t\t\t\t\t\t<div class=\"elementor-row\">\n\t\t\t\t\t<div class=\"elementor-column elementor-col-100 elementor-top-column elementor-element elementor-element-336b329a\" data-id=\"336b329a\" data-element_type=\"column\">\n\t\t\t<div class=\"elementor-column-wrap elementor-element-populated\">\n\t\t\t\t\t\t\t<div class=\"elementor-widget-wrap\">\n\t\t\t\t\t\t<div class=\"elementor-element elementor-element-708cab74 elementor-widget elementor-widget-text-editor\" data-id=\"708cab74\" data-element_type=\"widget\" data-widget_type=\"text-editor.default\">\n\t\t\t\t<div class=\"elementor-widget-container\">\n\t\t\t\t\t\t\t\t<div class=\"elementor-text-editor elementor-clearfix\">\n\t\t\t\t<p><!-- wp:image {\"id\":474,\"sizeSlug\":\"large\"} --><\/p>\n<figure class=\"wp-block-image size-large\"><\/figure>\n<p><!-- \/wp:image --><!-- wp:paragraph --><\/p>\n<p><strong><img loading=\"lazy\" class=\"wp-image-1111 size-medium alignright\" src=\"https:\/\/verslopagreitis.lt\/wp-content\/uploads\/2024\/12\/woman-9248928_1280-199x300.jpg\" alt=\"\" width=\"199\" height=\"300\" srcset=\"https:\/\/verslopagreitis.lt\/wp-content\/uploads\/2024\/12\/woman-9248928_1280-199x300.jpg 199w, https:\/\/verslopagreitis.lt\/wp-content\/uploads\/2024\/12\/woman-9248928_1280-681x1024.jpg 681w, https:\/\/verslopagreitis.lt\/wp-content\/uploads\/2024\/12\/woman-9248928_1280-768x1155.jpg 768w, https:\/\/verslopagreitis.lt\/wp-content\/uploads\/2024\/12\/woman-9248928_1280.jpg 851w\" sizes=\"(max-width: 199px) 100vw, 199px\" \/><\/strong><\/p>\n<p>&nbsp; &nbsp;M\u016bs\u0173 specialistai turi daug patirties rengiant dokumentus gauti leidim\u0105 higienos pas\u0105 (LHP) vis\u0173 r\u016b\u0161i\u0173 veikloms, kuris joms reikalingas. Ilgamet\u0117 darbo patirtis \u0161ioje srityje leid\u017eia teigti, kad \u017einome visus reikalavimus bei kitus niuansus, kurie &nbsp;aktual\u016bs gaunant LHP bet kokiai veiklai.<\/p>\n<p>&nbsp; Skambinkite, arba ra\u0161ykite ir mes Jums pad\u0117sime. <strong>Dirbame visoje Lietuvoje.<\/strong><\/p>\n<p>&nbsp; Veiklos r\u016b\u0161ys, kurioms b\u016btinas leidimas-higienos pasas:<\/p>\n<ul>\n<li>ambulatorini\u0173 asmens sveikatos prie\u017ei\u016bros \u012fstaig\u0173 veikla (pagal sveikatos apsaugos ministro patvirtint\u0105 licencijuojam\u0173 ambulatorini\u0173 asmens sveikatos prie\u017ei\u016bros paslaug\u0173 s\u0105ra\u0161\u0105);<\/li>\n<li>ligonini\u0173 veikla (pagal sveikatos apsaugos ministro patvirtint\u0105 licencijuojam\u0173 stacionarini\u0173 asmens sveikatos prie\u017ei\u016bros paslaug\u0173 s\u0105ra\u0161\u0105);<\/li>\n<li>kita asmens sveikatos prie\u017ei\u016bros veikla, patvirtinta sveikatos apsaugos ministro;<\/li>\n<li>papildomosios ir alternatyviosios sveikatos prie\u017ei\u016bros \u012fstaig\u0173 veikla;<\/li>\n<li>ugdymo veikla: ikimokyklinio ugdymo veikla, bendrojo lavinimo mokykl\u0173 ugdymo veikla, vaik\u0173 neformaliojo \u0161vietimo mokykl\u0173 ugdymo veikla, profesini\u0173 mokykl\u0173 ugdymo veikla, auk\u0161t\u0173j\u0173 mokykl\u0173 ugdymo veikla;<\/li>\n<li>stacionari\u0173 socialini\u0173 paslaug\u0173 \u012fstaig\u0173 veikla;<\/li>\n<li>apgyvendinimo paslaug\u0173 veikla (vie\u0161bu\u010di\u0173, moteli\u0173, sve\u010di\u0173 nam\u0173, kurort\u0173 sanatorij\u0173, kurort\u0173 reabilitacijos centr\u0173, kemping\u0173, turizmo centr\u0173, poilsio nam\u0173, jaunimo nakvyn\u0117s nam\u0173 veikla);<\/li>\n<li>gro\u017eio paslaug\u0173 veikla (plauk\u0173 prie\u017ei\u016bros paslaugos, veido prie\u017ei\u016bros paslaugos, k\u016bno prie\u017ei\u016bros paslaugos, nag\u0173 prie\u017ei\u016bros paslaugos, tatuiravimo paslaugos, ilgalaikio makia\u017eo paslaugos, papuo\u0161al\u0173 v\u0117rimo paslaugos);<\/li>\n<li>soliarium\u0173 paslaug\u0173 veikla;<\/li>\n<li>sporto klub\u0173 paslaug\u0173 veikla;<\/li>\n<li>pir\u010di\u0173, saun\u0173, basein\u0173 paslaug\u0173 veikla;<\/li>\n<li>skalbykl\u0173 paslaug\u0173 veikla;<\/li>\n<li>kosmetikos gamini\u0173 gamyba;<\/li>\n<li>\u017emogaus palaik\u0173 laidojimo paslaug\u0173 (\u017emogaus palaik\u0173 laikymo, paruo\u0161imo \u0161arvoti, \u0161arvojimo) teikimo veikla, kremavimo veikla, balzamavimo veikla;<\/li>\n<li>stacionari\u0173 triuk\u0161mo \u0161altini\u0173 veikla triuk\u0161mo prevencijos zonose;<\/li>\n<li>sveikatingumo paslaug\u0173, kurias teikiant naudojami papildomosios ir alternatyviosios sveikatos prie\u017ei\u016bros produktai, gyv\u016bnai ir kiti gyvi organizmai ir kurios nelicencijuojamos pagal Papildomosios ir alternatyviosios sveikatos prie\u017ei\u016bros \u012fstatym\u0105, veikla.<\/li>\n<\/ul>\n<p><!-- \/wp:list --><!-- wp:paragraph --><\/p>\n<p><!-- \/wp:paragraph --><!-- wp:paragraph --><\/p>\n<p><!-- \/wp:paragraph --><\/p>\t\t\t\t\t<\/div>\n\t\t\t\t\t\t<\/div>\n\t\t\t\t<\/div>\n\t\t\t\t\t\t<\/div>\n\t\t\t\t\t<\/div>\n\t\t<\/div>\n\t\t\t\t\t\t\t\t<\/div>\n\t\t\t\t\t<\/div>\n\t\t<\/section>\n\t\t\t\t\t\t\t\t\t<\/div>\n\t\t\t<\/div>\n\t\t\t\t\t<\/div>\n\t\t","protected":false},"excerpt":{"rendered":"<p>&nbsp; &nbsp;M\u016bs\u0173 specialistai turi daug patirties rengiant dokumentus gauti leidim\u0105 higienos pas\u0105 (LHP) vis\u0173 r\u016b\u0161i\u0173 veikloms, kuris joms reikalingas. Ilgamet\u0117 darbo patirtis \u0161ioje srityje leid\u017eia teigti, kad \u017einome visus reikalavimus bei kitus niuansus, kurie &nbsp;aktual\u016bs gaunant LHP bet kokiai veiklai. &nbsp; Skambinkite, arba ra\u0161ykite ir mes Jums pad\u0117sime. Dirbame visoje Lietuvoje. &nbsp; Veiklos r\u016b\u0161ys, kurioms &hellip;<\/p>\n<p class=\"read-more\"> <a class=\"\" href=\"https:\/\/verslopagreitis.lt\/?page_id=452\"> <span class=\"screen-reader-text\">Leidimas higienos pasas kitoms (sporto klub\u0173, socialin\u0117ms ir t.t.) paslaugoms<\/span> Read More &raquo;<\/a><\/p>\n","protected":false},"author":1,"featured_media":0,"parent":0,"menu_order":0,"comment_status":"closed","ping_status":"closed","template":"","meta":{"site-sidebar-layout":"no-sidebar","site-content-layout":"default","ast-global-header-display":"","ast-main-header-display":"","ast-hfb-above-header-display":"","ast-hfb-below-header-display":"","ast-hfb-mobile-header-display":"","site-post-title":"","ast-breadcrumbs-content":"","ast-featured-img":"","footer-sml-layout":"","theme-transparent-header-meta":"default","adv-header-id-meta":"","stick-header-meta":"","header-above-stick-meta":"","header-main-stick-meta":"","header-below-stick-meta":""},"_links":{"self":[{"href":"https:\/\/verslopagreitis.lt\/index.php?rest_route=\/wp\/v2\/pages\/452"}],"collection":[{"href":"https:\/\/verslopagreitis.lt\/index.php?rest_route=\/wp\/v2\/pages"}],"about":[{"href":"https:\/\/verslopagreitis.lt\/index.php?rest_route=\/wp\/v2\/types\/page"}],"author":[{"embeddable":true,"href":"https:\/\/verslopagreitis.lt\/index.php?rest_route=\/wp\/v2\/users\/1"}],"replies":[{"embeddable":true,"href":"https:\/\/verslopagreitis.lt\/index.php?rest_route=%2Fwp%2Fv2%2Fcomments&post=452"}],"version-history":[{"count":36,"href":"https:\/\/verslopagreitis.lt\/index.php?rest_route=\/wp\/v2\/pages\/452\/revisions"}],"predecessor-version":[{"id":1140,"href":"https:\/\/verslopagreitis.lt\/index.php?rest_route=\/wp\/v2\/pages\/452\/revisions\/1140"}],"wp:attachment":[{"href":"https:\/\/verslopagreitis.lt\/index.php?rest_route=%2Fwp%2Fv2%2Fmedia&parent=452"}],"curies":[{"name":"wp","href":"https:\/\/api.w.org\/{rel}","templated":true}]}}